{"id":6821,"date":"2025-02-09T01:08:18","date_gmt":"2025-02-09T01:08:18","guid":{"rendered":"https:\/\/cearacruz.com.br\/?page_id=6821"},"modified":"2025-08-18T22:57:07","modified_gmt":"2025-08-18T22:57:07","slug":"tecnico-em-informatica-para-internet","status":"publish","type":"page","link":"https:\/\/cearacruz.com.br\/portal\/tecnico-em-informatica-para-internet\/","title":{"rendered":"T\u00e9cnico em Inform\u00e1tica para Internet"},"content":{"rendered":"\t\t<div data-elementor-type=\"wp-page\" data-elementor-id=\"6821\" class=\"elementor elementor-6821\" data-elementor-post-type=\"page\">\n\t\t\t\t<div class=\"elementor-element elementor-element-436cb2fd e-flex e-con-boxed wpr-particle-no wpr-jarallax-no wpr-parallax-no wpr-sticky-section-no wpr-equal-height-no e-con e-parent\" data-id=\"436cb2fd\" data-element_type=\"container\" data-e-type=\"container\">\n\t\t\t\t\t<div class=\"e-con-inner\">\n\t\t\t\t<div class=\"elementor-element elementor-element-4e0235ad elementor-invisible elementor-widget elementor-widget-image\" data-id=\"4e0235ad\" data-element_type=\"widget\" data-e-type=\"widget\" data-settings=\"{&quot;_animation&quot;:&quot;fadeInDown&quot;}\" data-widget_type=\"image.default\">\n\t\t\t\t<div class=\"elementor-widget-container\">\n\t\t\t\t\t\t\t\t\t\t\t\t\t\t\t<img decoding=\"async\" src=\"https:\/\/cearacruz.com.br\/portal\/wp-content\/uploads\/elementor\/thumbs\/Mask-group-2-r5tsr9ulqucdfrtatt8re0idgg912s87l7urf108hg.png\" title=\"Mask group (2)\" alt=\"Mask group (2)\" loading=\"lazy\" \/>\t\t\t\t\t\t\t\t\t\t\t\t\t\t\t<\/div>\n\t\t\t\t<\/div>\n\t\t<div class=\"elementor-element elementor-element-7bf033e e-con-full elementor-hidden-mobile e-flex wpr-particle-no wpr-jarallax-no wpr-parallax-no wpr-sticky-section-no wpr-equal-height-no elementor-invisible e-con e-child\" data-id=\"7bf033e\" data-element_type=\"container\" data-e-type=\"container\" data-settings=\"{&quot;animation&quot;:&quot;fadeInLeft&quot;}\">\n\t\t<div class=\"elementor-element elementor-element-25f01db6 e-con-full elementor-hidden-mobile e-flex wpr-particle-no wpr-jarallax-no wpr-parallax-no wpr-sticky-section-no wpr-equal-height-no e-con e-child\" data-id=\"25f01db6\" data-element_type=\"container\" data-e-type=\"container\" data-settings=\"{&quot;background_background&quot;:&quot;classic&quot;}\">\n\t\t\t\t<div class=\"elementor-element elementor-element-4bc53b28 elementor-widget elementor-widget-spacer\" data-id=\"4bc53b28\" data-element_type=\"widget\" data-e-type=\"widget\" data-widget_type=\"spacer.default\">\n\t\t\t\t<div class=\"elementor-widget-container\">\n\t\t\t\t\t\t\t<div class=\"elementor-spacer\">\n\t\t\t<div class=\"elementor-spacer-inner\"><\/div>\n\t\t<\/div>\n\t\t\t\t\t\t<\/div>\n\t\t\t\t<\/div>\n\t\t\t\t<\/div>\n\t\t<div class=\"elementor-element elementor-element-355002b3 e-con-full e-flex wpr-particle-no wpr-jarallax-no wpr-parallax-no wpr-sticky-section-no wpr-equal-height-no e-con e-child\" data-id=\"355002b3\" data-element_type=\"container\" data-e-type=\"container\">\n\t\t\t\t<div class=\"elementor-element elementor-element-5a0017e elementor-widget elementor-widget-heading\" data-id=\"5a0017e\" data-element_type=\"widget\" data-e-type=\"widget\" data-widget_type=\"heading.default\">\n\t\t\t\t<div class=\"elementor-widget-container\">\n\t\t\t\t\t<h2 class=\"elementor-heading-title elementor-size-default\">T\u00e9cnico em Inform\u00e1tica para Internet<\/h2>\t\t\t\t<\/div>\n\t\t\t\t<\/div>\n\t\t\t\t<\/div>\n\t\t<div class=\"elementor-element elementor-element-42899e6a e-con-full e-flex wpr-particle-no wpr-jarallax-no wpr-parallax-no wpr-sticky-section-no wpr-equal-height-no e-con e-child\" data-id=\"42899e6a\" data-element_type=\"container\" data-e-type=\"container\">\n\t\t\t\t<div class=\"elementor-element elementor-element-1ddeacc4 elementor-hidden-tablet elementor-hidden-mobile elementor-widget elementor-widget-image\" data-id=\"1ddeacc4\" data-element_type=\"widget\" data-e-type=\"widget\" data-widget_type=\"image.default\">\n\t\t\t\t<div class=\"elementor-widget-container\">\n\t\t\t\t\t\t\t\t\t\t\t\t\t\t\t<img decoding=\"async\" src=\"https:\/\/cearacruz.com.br\/portal\/wp-content\/uploads\/elementor\/thumbs\/image-12-r17v87mw39ji1b0wtxynspmimhijz1fdny1k7628fy.png\" title=\"image 12\" alt=\"image 12\" loading=\"lazy\" \/>\t\t\t\t\t\t\t\t\t\t\t\t\t\t\t<\/div>\n\t\t\t\t<\/div>\n\t\t\t\t<div class=\"elementor-element elementor-element-3e31e2a6 elementor-hidden-desktop elementor-hidden-mobile elementor-widget elementor-widget-image\" data-id=\"3e31e2a6\" data-element_type=\"widget\" data-e-type=\"widget\" data-widget_type=\"image.default\">\n\t\t\t\t<div class=\"elementor-widget-container\">\n\t\t\t\t\t\t\t\t\t\t\t\t\t\t\t<img decoding=\"async\" src=\"https:\/\/cearacruz.com.br\/portal\/wp-content\/uploads\/elementor\/thumbs\/image-12-r17v87mvhc5expxmpzfcawn8legb1bdhpy7oe1q2eo.png\" title=\"image 12\" alt=\"image 12\" loading=\"lazy\" \/>\t\t\t\t\t\t\t\t\t\t\t\t\t\t\t<\/div>\n\t\t\t\t<\/div>\n\t\t\t\t<\/div>\n\t\t\t\t<\/div>\n\t\t<div class=\"elementor-element elementor-element-28364ef6 e-con-full elementor-hidden-desktop elementor-hidden-tablet e-flex wpr-particle-no wpr-jarallax-no wpr-parallax-no wpr-sticky-section-no wpr-equal-height-no e-con e-child\" data-id=\"28364ef6\" data-element_type=\"container\" data-e-type=\"container\">\n\t\t<div class=\"elementor-element elementor-element-750c03d5 e-con-full e-flex wpr-particle-no wpr-jarallax-no wpr-parallax-no wpr-sticky-section-no wpr-equal-height-no e-con e-child\" data-id=\"750c03d5\" data-element_type=\"container\" data-e-type=\"container\">\n\t\t\t\t<div class=\"elementor-element elementor-element-753a16a1 elementor-widget elementor-widget-heading\" data-id=\"753a16a1\" data-element_type=\"widget\" data-e-type=\"widget\" data-widget_type=\"heading.default\">\n\t\t\t\t<div class=\"elementor-widget-container\">\n\t\t\t\t\t<h2 class=\"elementor-heading-title elementor-size-default\">T\u00e9cnico em Inform\u00e1tica para Internet<\/h2>\t\t\t\t<\/div>\n\t\t\t\t<\/div>\n\t\t\t\t<\/div>\n\t\t<div class=\"elementor-element elementor-element-2fddfede e-con-full e-flex wpr-particle-no wpr-jarallax-no wpr-parallax-no wpr-sticky-section-no wpr-equal-height-no e-con e-child\" data-id=\"2fddfede\" data-element_type=\"container\" data-e-type=\"container\">\n\t\t\t\t<div class=\"elementor-element elementor-element-218341d2 elementor-hidden-desktop elementor-hidden-tablet elementor-widget elementor-widget-image\" data-id=\"218341d2\" data-element_type=\"widget\" data-e-type=\"widget\" data-widget_type=\"image.default\">\n\t\t\t\t<div class=\"elementor-widget-container\">\n\t\t\t\t\t\t\t\t\t\t\t\t\t\t\t<img decoding=\"async\" src=\"https:\/\/cearacruz.com.br\/portal\/wp-content\/uploads\/elementor\/thumbs\/image-12-r17v87mw39ji1b0wtxynspmimhijz1fdny1k7628fy.png\" title=\"image 12\" alt=\"image 12\" loading=\"lazy\" \/>\t\t\t\t\t\t\t\t\t\t\t\t\t\t\t<\/div>\n\t\t\t\t<\/div>\n\t\t\t\t<\/div>\n\t\t\t\t<\/div>\n\t\t\t\t<div class=\"elementor-element elementor-element-63018d07 elementor-invisible elementor-widget elementor-widget-text-editor\" data-id=\"63018d07\" data-element_type=\"widget\" data-e-type=\"widget\" data-settings=\"{&quot;_animation&quot;:&quot;fadeInLeft&quot;}\" data-widget_type=\"text-editor.default\">\n\t\t\t\t<div class=\"elementor-widget-container\">\n\t\t\t\t\t\t\t\t\t<p>O T\u00e9cnico formado em Inform\u00e1tica para Internet pelo CEA ser\u00e1 capaz de:<\/p>\t\t\t\t\t\t\t\t<\/div>\n\t\t\t\t<\/div>\n\t\t\t\t<div class=\"elementor-element elementor-element-402397c7 elementor-invisible elementor-widget elementor-widget-text-editor\" data-id=\"402397c7\" data-element_type=\"widget\" data-e-type=\"widget\" data-settings=\"{&quot;_animation&quot;:&quot;fadeInLeft&quot;}\" data-widget_type=\"text-editor.default\">\n\t\t\t\t<div class=\"elementor-widget-container\">\n\t\t\t\t\t\t\t\t\t<ul><li>Planejar e documentar aplica\u00e7\u00f5es para Web e dispositivos m\u00f3veis;<\/li><li>Desenvolver e organizar elementos estruturais e visuais de aplica\u00e7\u00f5es para Web e dispositivos m\u00f3veis;<\/li><li>Monitorar projetos de aplica\u00e7\u00f5es para Web e dispositivos m\u00f3veis;<\/li><li>Estruturar e implementar banco de dados para aplica\u00e7\u00f5es Web;<\/li><li>Codificar aplica\u00e7\u00f5es para Web e dispositivos m\u00f3veis;<\/li><li>Publicar e testar aplica\u00e7\u00f5es para Web e dispositivos m\u00f3veis;<\/li><li>Documentar e realizar manuten\u00e7\u00e3o de aplica\u00e7\u00f5es para Web e dispositivos m\u00f3veis.<\/li><\/ul>\t\t\t\t\t\t\t\t<\/div>\n\t\t\t\t<\/div>\n\t\t\t\t\t<\/div>\n\t\t\t\t<\/div>\n\t\t<div class=\"elementor-element elementor-element-1257dd7a e-flex e-con-boxed wpr-particle-no wpr-jarallax-no wpr-parallax-no wpr-sticky-section-no wpr-equal-height-no e-con e-parent\" data-id=\"1257dd7a\" data-element_type=\"container\" data-e-type=\"container\">\n\t\t\t\t\t<div class=\"e-con-inner\">\n\t\t<div class=\"elementor-element elementor-element-71cd47fe e-grid e-con-full wpr-particle-no wpr-jarallax-no wpr-parallax-no wpr-sticky-section-no wpr-equal-height-no e-con e-child\" data-id=\"71cd47fe\" data-element_type=\"container\" data-e-type=\"container\" data-settings=\"{&quot;background_background&quot;:&quot;classic&quot;}\">\n\t\t<div class=\"elementor-element elementor-element-45268812 e-con-full e-flex wpr-particle-no wpr-jarallax-no wpr-parallax-no wpr-sticky-section-no wpr-equal-height-no elementor-invisible e-con e-child\" data-id=\"45268812\" data-element_type=\"container\" data-e-type=\"container\" data-settings=\"{&quot;animation&quot;:&quot;fadeInLeft&quot;}\">\n\t\t\t\t<div class=\"elementor-element elementor-element-3bf4d5e3 elementor-widget elementor-widget-heading\" data-id=\"3bf4d5e3\" data-element_type=\"widget\" data-e-type=\"widget\" data-widget_type=\"heading.default\">\n\t\t\t\t<div class=\"elementor-widget-container\">\n\t\t\t\t\t<h2 class=\"elementor-heading-title elementor-size-default\">Mais informa\u00e7\u00f5es<\/h2>\t\t\t\t<\/div>\n\t\t\t\t<\/div>\n\t\t\t\t<div class=\"elementor-element elementor-element-5336056a elementor-widget__width-initial elementor-widget elementor-widget-text-editor\" data-id=\"5336056a\" data-element_type=\"widget\" data-e-type=\"widget\" data-widget_type=\"text-editor.default\">\n\t\t\t\t<div class=\"elementor-widget-container\">\n\t\t\t\t\t\t\t\t\t<div><div style=\"display: flex;\"><p>Dura\u00e7\u00e3o do curso:<\/p><div style=\"color: white;\">\u00a018 meses<\/div><\/div><div style=\"display: flex;\"><p>Per\u00edodo:<\/p><div style=\"color: white;\">\u00a0Noturno<\/div><\/div><div><p>Hor\u00e1rio de atendimento para matr\u00edcula:<\/p><div style=\"color: white;\">11h \u00e0s 17h<\/div><\/div><\/div>\t\t\t\t\t\t\t\t<\/div>\n\t\t\t\t<\/div>\n\t\t<div class=\"elementor-element elementor-element-6cdfabc0 e-con-full e-flex wpr-particle-no wpr-jarallax-no wpr-parallax-no wpr-sticky-section-no wpr-equal-height-no e-con e-child\" data-id=\"6cdfabc0\" data-element_type=\"container\" data-e-type=\"container\" data-settings=\"{&quot;background_background&quot;:&quot;classic&quot;}\">\n\t\t\t\t<div class=\"elementor-element elementor-element-14c6231c elementor-widget elementor-widget-text-editor\" data-id=\"14c6231c\" data-element_type=\"widget\" data-e-type=\"widget\" data-widget_type=\"text-editor.default\">\n\t\t\t\t<div class=\"elementor-widget-container\">\n\t\t\t\t\t\t\t\t\t<p>INVESTIMENTO: 18x de R$380,00<\/p>\t\t\t\t\t\t\t\t<\/div>\n\t\t\t\t<\/div>\n\t\t\t\t<\/div>\n\t\t\t\t<div class=\"elementor-element elementor-element-3683d30f elementor-mobile-align-center elementor-widget elementor-widget-button\" data-id=\"3683d30f\" data-element_type=\"widget\" data-e-type=\"widget\" data-widget_type=\"button.default\">\n\t\t\t\t<div class=\"elementor-widget-container\">\n\t\t\t\t\t\t\t\t\t<div class=\"elementor-button-wrapper\">\n\t\t\t\t\t<a class=\"elementor-button elementor-button-link elementor-size-sm\" href=\"https:\/\/docs.google.com\/forms\/d\/e\/1FAIpQLSe4eFDmoQ3dGzjeTjxvdVV-F38I2JcagsQRYxiC-BdORuXkYg\/viewform\" target=\"_blank\">\n\t\t\t\t\t\t<span class=\"elementor-button-content-wrapper\">\n\t\t\t\t\t\t\t\t\t<span class=\"elementor-button-text\">Fazer pr\u00e9-inscri\u00e7\u00e3o<\/span>\n\t\t\t\t\t<\/span>\n\t\t\t\t\t<\/a>\n\t\t\t\t<\/div>\n\t\t\t\t\t\t\t\t<\/div>\n\t\t\t\t<\/div>\n\t\t\t\t<\/div>\n\t\t\t\t<div class=\"elementor-element elementor-element-316618d2 elementor-hidden-tablet elementor-hidden-mobile elementor-invisible elementor-widget elementor-widget-image\" data-id=\"316618d2\" data-element_type=\"widget\" data-e-type=\"widget\" data-settings=\"{&quot;_animation&quot;:&quot;fadeInRight&quot;}\" data-widget_type=\"image.default\">\n\t\t\t\t<div class=\"elementor-widget-container\">\n\t\t\t\t\t\t\t\t\t\t\t\t\t\t\t<img decoding=\"async\" src=\"https:\/\/cearacruz.com.br\/portal\/wp-content\/uploads\/elementor\/thumbs\/Group-457-1-r17unehnb0dwpac16bd9gb5ky0f17mwq2ic8gqeima.png\" title=\"Group 457 (1)\" alt=\"Group 457 (1)\" loading=\"lazy\" \/>\t\t\t\t\t\t\t\t\t\t\t\t\t\t\t<\/div>\n\t\t\t\t<\/div>\n\t\t\t\t<\/div>\n\t\t\t\t\t<\/div>\n\t\t\t\t<\/div>\n\t\t<div class=\"elementor-element elementor-element-df52872 e-flex e-con-boxed wpr-particle-no wpr-jarallax-no wpr-parallax-no wpr-sticky-section-no wpr-equal-height-no e-con e-parent\" data-id=\"df52872\" data-element_type=\"container\" data-e-type=\"container\">\n\t\t\t\t\t<div class=\"e-con-inner\">\n\t\t<div class=\"elementor-element elementor-element-2a89904 e-con-full e-flex wpr-particle-no wpr-jarallax-no wpr-parallax-no wpr-sticky-section-no wpr-equal-height-no elementor-invisible e-con e-child\" data-id=\"2a89904\" data-element_type=\"container\" data-e-type=\"container\" data-settings=\"{&quot;animation&quot;:&quot;fadeInLeft&quot;}\">\n\t\t<div class=\"elementor-element elementor-element-7450430 e-con-full elementor-hidden-mobile e-flex wpr-particle-no wpr-jarallax-no wpr-parallax-no wpr-sticky-section-no wpr-equal-height-no e-con e-child\" data-id=\"7450430\" data-element_type=\"container\" data-e-type=\"container\" data-settings=\"{&quot;background_background&quot;:&quot;classic&quot;}\">\n\t\t\t\t<div class=\"elementor-element elementor-element-6010f07 elementor-widget elementor-widget-spacer\" data-id=\"6010f07\" data-element_type=\"widget\" data-e-type=\"widget\" data-widget_type=\"spacer.default\">\n\t\t\t\t<div class=\"elementor-widget-container\">\n\t\t\t\t\t\t\t<div class=\"elementor-spacer\">\n\t\t\t<div class=\"elementor-spacer-inner\"><\/div>\n\t\t<\/div>\n\t\t\t\t\t\t<\/div>\n\t\t\t\t<\/div>\n\t\t\t\t<\/div>\n\t\t<div class=\"elementor-element elementor-element-0db6143 e-con-full e-flex wpr-particle-no wpr-jarallax-no wpr-parallax-no wpr-sticky-section-no wpr-equal-height-no e-con e-child\" data-id=\"0db6143\" data-element_type=\"container\" data-e-type=\"container\">\n\t\t\t\t<div class=\"elementor-element elementor-element-374956b elementor-widget elementor-widget-heading\" data-id=\"374956b\" data-element_type=\"widget\" data-e-type=\"widget\" data-widget_type=\"heading.default\">\n\t\t\t\t<div class=\"elementor-widget-container\">\n\t\t\t\t\t<h2 class=\"elementor-heading-title elementor-size-default\">Documentos para matr\u00edcula<\/h2>\t\t\t\t<\/div>\n\t\t\t\t<\/div>\n\t\t\t\t<\/div>\n\t\t\t\t<\/div>\n\t\t\t\t<div class=\"elementor-element elementor-element-8d30616 elementor-invisible elementor-widget elementor-widget-text-editor\" data-id=\"8d30616\" data-element_type=\"widget\" data-e-type=\"widget\" data-settings=\"{&quot;_animation&quot;:&quot;fadeInRight&quot;}\" data-widget_type=\"text-editor.default\">\n\t\t\t\t<div class=\"elementor-widget-container\">\n\t\t\t\t\t\t\t\t\t<ul><li>Requerimento de Matr\u00edcula;<\/li><li>Certificado ou Hist\u00f3rico Escolar de conclus\u00e3o do Ensino M\u00e9dio (apresenta\u00e7\u00e3o do original e c\u00f3pia simples ou c\u00f3pia autenticada) ou,<\/li><li>Declara\u00e7\u00e3o de escola, comprovando estar cursando a escolaridade m\u00ednima exigida (original);<\/li><li>Xerox do RG e CPF dos pais, no caso de alunos menores de 18 anos;<\/li><li>Xerox da Certid\u00e3o de nascimento\/casamento;<\/li><li>Xerox do RG e CPF do aluno;<\/li><li>2 fotos 3\u00d74 recentes;<\/li><li>Xerox do comprovante de endere\u00e7o com CEP;<\/li><li>Xerox do t\u00edtulo de eleitor, para os maiores de 18 anos, com comprova\u00e7\u00e3o de voto na \u00faltima elei\u00e7\u00e3o (fotoc\u00f3pia);<\/li><li>Prova de quita\u00e7\u00e3o com as obriga\u00e7\u00f5es militares para os alunos, do sexo masculino, maiores de 18 anos.<\/li><\/ul>\t\t\t\t\t\t\t\t<\/div>\n\t\t\t\t<\/div>\n\t\t\t\t\t<\/div>\n\t\t\t\t<\/div>\n\t\t\t\t<\/div>\n\t\t","protected":false},"excerpt":{"rendered":"<p>T\u00e9cnico em Inform\u00e1tica para Internet T\u00e9cnico em Inform\u00e1tica para Internet O T\u00e9cnico formado em Inform\u00e1tica para Internet pelo CEA ser\u00e1 capaz de: Planejar e documentar aplica\u00e7\u00f5es para Web e dispositivos m\u00f3veis; Desenvolver e organizar elementos estruturais e visuais de aplica\u00e7\u00f5es para Web e dispositivos m\u00f3veis; Monitorar projetos de aplica\u00e7\u00f5es para Web e dispositivos m\u00f3veis; Estruturar e implementar banco de dados para aplica\u00e7\u00f5es Web; Codificar aplica\u00e7\u00f5es para Web e dispositivos m\u00f3veis; Publicar e testar aplica\u00e7\u00f5es para Web e dispositivos m\u00f3veis; Documentar e realizar manuten\u00e7\u00e3o de aplica\u00e7\u00f5es para Web e dispositivos m\u00f3veis. Mais informa\u00e7\u00f5es Dura\u00e7\u00e3o do curso: \u00a018 meses Per\u00edodo: \u00a0Noturno Hor\u00e1rio de atendimento para matr\u00edcula: 11h \u00e0s 17h INVESTIMENTO: 18x de R$380,00 Fazer pr\u00e9-inscri\u00e7\u00e3o Documentos para matr\u00edcula Requerimento de Matr\u00edcula; Certificado ou Hist\u00f3rico Escolar de conclus\u00e3o do Ensino M\u00e9dio (apresenta\u00e7\u00e3o do original e c\u00f3pia simples ou c\u00f3pia autenticada) ou, Declara\u00e7\u00e3o de escola, comprovando estar cursando a escolaridade m\u00ednima exigida (original); Xerox do RG e CPF dos pais, no caso de alunos menores de 18 anos; Xerox da Certid\u00e3o de nascimento\/casamento; Xerox do RG e CPF do aluno; 2 fotos 3\u00d74 recentes; Xerox do comprovante de endere\u00e7o com CEP; Xerox do t\u00edtulo de eleitor, para os maiores de 18 anos, com comprova\u00e7\u00e3o de voto na \u00faltima elei\u00e7\u00e3o (fotoc\u00f3pia); Prova de quita\u00e7\u00e3o com as obriga\u00e7\u00f5es militares para os alunos, do sexo masculino, maiores de 18 anos.<\/p>\n","protected":false},"author":1,"featured_media":0,"parent":0,"menu_order":0,"comment_status":"closed","ping_status":"closed","template":"elementor_header_footer","meta":{"om_disable_all_campaigns":false,"_exactmetrics_skip_tracking":false,"_exactmetrics_sitenote_active":false,"_exactmetrics_sitenote_note":"","_exactmetrics_sitenote_category":0,"_monsterinsights_skip_tracking":false,"_monsterinsights_sitenote_active":false,"_monsterinsights_sitenote_note":"","_monsterinsights_sitenote_category":0,"_uf_show_specific_survey":0,"_uf_disable_surveys":false,"footnotes":""},"class_list":["post-6821","page","type-page","status-publish","hentry"],"aioseo_notices":[],"_links":{"self":[{"href":"https:\/\/cearacruz.com.br\/portal\/wp-json\/wp\/v2\/pages\/6821","targetHints":{"allow":["GET"]}}],"collection":[{"href":"https:\/\/cearacruz.com.br\/portal\/wp-json\/wp\/v2\/pages"}],"about":[{"href":"https:\/\/cearacruz.com.br\/portal\/wp-json\/wp\/v2\/types\/page"}],"author":[{"embeddable":true,"href":"https:\/\/cearacruz.com.br\/portal\/wp-json\/wp\/v2\/users\/1"}],"replies":[{"embeddable":true,"href":"https:\/\/cearacruz.com.br\/portal\/wp-json\/wp\/v2\/comments?post=6821"}],"version-history":[{"count":25,"href":"https:\/\/cearacruz.com.br\/portal\/wp-json\/wp\/v2\/pages\/6821\/revisions"}],"predecessor-version":[{"id":30942,"href":"https:\/\/cearacruz.com.br\/portal\/wp-json\/wp\/v2\/pages\/6821\/revisions\/30942"}],"wp:attachment":[{"href":"https:\/\/cearacruz.com.br\/portal\/wp-json\/wp\/v2\/media?parent=6821"}],"curies":[{"name":"wp","href":"https:\/\/api.w.org\/{rel}","templated":true}]}}