{"id":6214,"date":"2025-02-09T00:50:55","date_gmt":"2025-02-09T00:50:55","guid":{"rendered":"https:\/\/cearacruz.com.br\/?page_id=6214"},"modified":"2025-05-15T03:24:24","modified_gmt":"2025-05-15T03:24:24","slug":"tecnico-em-mecanica","status":"publish","type":"page","link":"https:\/\/cearacruz.com.br\/portal\/tecnico-em-mecanica\/","title":{"rendered":"T\u00e9cnico em Mec\u00e2nica"},"content":{"rendered":"\t\t<div data-elementor-type=\"wp-page\" data-elementor-id=\"6214\" class=\"elementor elementor-6214\" data-elementor-post-type=\"page\">\n\t\t\t\t<div class=\"elementor-element elementor-element-1884327a e-flex e-con-boxed wpr-particle-no wpr-jarallax-no wpr-parallax-no wpr-sticky-section-no wpr-equal-height-no e-con e-parent\" data-id=\"1884327a\" data-element_type=\"container\" data-e-type=\"container\">\n\t\t\t\t\t<div class=\"e-con-inner\">\n\t\t\t\t<div class=\"elementor-element elementor-element-1ad92dc1 elementor-invisible elementor-widget elementor-widget-image\" data-id=\"1ad92dc1\" data-element_type=\"widget\" data-e-type=\"widget\" data-settings=\"{&quot;_animation&quot;:&quot;fadeInDown&quot;}\" data-widget_type=\"image.default\">\n\t\t\t\t<div class=\"elementor-widget-container\">\n\t\t\t\t\t\t\t\t\t\t\t\t\t\t\t<img decoding=\"async\" src=\"https:\/\/cearacruz.com.br\/portal\/wp-content\/uploads\/elementor\/thumbs\/Mask-group-r5tspnklz44lfy5ya41w3f7smk89tjsup7ennven78.png\" title=\"Mask group\" alt=\"Mask group\" loading=\"lazy\" \/>\t\t\t\t\t\t\t\t\t\t\t\t\t\t\t<\/div>\n\t\t\t\t<\/div>\n\t\t<div class=\"elementor-element elementor-element-7649e0af e-con-full elementor-hidden-mobile e-flex wpr-particle-no wpr-jarallax-no wpr-parallax-no wpr-sticky-section-no wpr-equal-height-no elementor-invisible e-con e-child\" data-id=\"7649e0af\" data-element_type=\"container\" data-e-type=\"container\" data-settings=\"{&quot;animation&quot;:&quot;fadeInLeft&quot;}\">\n\t\t<div class=\"elementor-element elementor-element-6917b1fc e-con-full elementor-hidden-mobile e-flex wpr-particle-no wpr-jarallax-no wpr-parallax-no wpr-sticky-section-no wpr-equal-height-no e-con e-child\" data-id=\"6917b1fc\" data-element_type=\"container\" data-e-type=\"container\" data-settings=\"{&quot;background_background&quot;:&quot;classic&quot;}\">\n\t\t\t\t<div class=\"elementor-element elementor-element-2ba5dd0d elementor-widget elementor-widget-spacer\" data-id=\"2ba5dd0d\" data-element_type=\"widget\" data-e-type=\"widget\" data-widget_type=\"spacer.default\">\n\t\t\t\t<div class=\"elementor-widget-container\">\n\t\t\t\t\t\t\t<div class=\"elementor-spacer\">\n\t\t\t<div class=\"elementor-spacer-inner\"><\/div>\n\t\t<\/div>\n\t\t\t\t\t\t<\/div>\n\t\t\t\t<\/div>\n\t\t\t\t<\/div>\n\t\t<div class=\"elementor-element elementor-element-1cac54c5 e-con-full e-flex wpr-particle-no wpr-jarallax-no wpr-parallax-no wpr-sticky-section-no wpr-equal-height-no e-con e-child\" data-id=\"1cac54c5\" data-element_type=\"container\" data-e-type=\"container\">\n\t\t\t\t<div class=\"elementor-element elementor-element-282b7c61 elementor-widget elementor-widget-heading\" data-id=\"282b7c61\" data-element_type=\"widget\" data-e-type=\"widget\" data-widget_type=\"heading.default\">\n\t\t\t\t<div class=\"elementor-widget-container\">\n\t\t\t\t\t<h2 class=\"elementor-heading-title elementor-size-default\">T\u00e9cnico em Mec\u00e2nica\n<\/h2>\t\t\t\t<\/div>\n\t\t\t\t<\/div>\n\t\t\t\t<\/div>\n\t\t<div class=\"elementor-element elementor-element-6f93d34d e-con-full e-flex wpr-particle-no wpr-jarallax-no wpr-parallax-no wpr-sticky-section-no wpr-equal-height-no e-con e-child\" data-id=\"6f93d34d\" data-element_type=\"container\" data-e-type=\"container\">\n\t\t\t\t<div class=\"elementor-element elementor-element-5c13f866 elementor-hidden-tablet elementor-hidden-mobile elementor-widget elementor-widget-image\" data-id=\"5c13f866\" data-element_type=\"widget\" data-e-type=\"widget\" data-widget_type=\"image.default\">\n\t\t\t\t<div class=\"elementor-widget-container\">\n\t\t\t\t\t\t\t\t\t\t\t\t\t\t\t<img decoding=\"async\" src=\"https:\/\/cearacruz.com.br\/portal\/wp-content\/uploads\/elementor\/thumbs\/image-12-r17v87mw39ji1b0wtxynspmimhijz1fdny1k7628fy.png\" title=\"image 12\" alt=\"image 12\" loading=\"lazy\" \/>\t\t\t\t\t\t\t\t\t\t\t\t\t\t\t<\/div>\n\t\t\t\t<\/div>\n\t\t\t\t<div class=\"elementor-element elementor-element-18deef57 elementor-hidden-desktop elementor-hidden-mobile elementor-widget elementor-widget-image\" data-id=\"18deef57\" data-element_type=\"widget\" data-e-type=\"widget\" data-widget_type=\"image.default\">\n\t\t\t\t<div class=\"elementor-widget-container\">\n\t\t\t\t\t\t\t\t\t\t\t\t\t\t\t<img decoding=\"async\" src=\"https:\/\/cearacruz.com.br\/portal\/wp-content\/uploads\/elementor\/thumbs\/image-12-r17v87mvhc5expxmpzfcawn8legb1bdhpy7oe1q2eo.png\" title=\"image 12\" alt=\"image 12\" loading=\"lazy\" \/>\t\t\t\t\t\t\t\t\t\t\t\t\t\t\t<\/div>\n\t\t\t\t<\/div>\n\t\t\t\t<\/div>\n\t\t\t\t<\/div>\n\t\t<div class=\"elementor-element elementor-element-68eed2fe e-con-full elementor-hidden-desktop elementor-hidden-tablet e-flex wpr-particle-no wpr-jarallax-no wpr-parallax-no wpr-sticky-section-no wpr-equal-height-no e-con e-child\" data-id=\"68eed2fe\" data-element_type=\"container\" data-e-type=\"container\">\n\t\t<div class=\"elementor-element elementor-element-2598aaa3 e-con-full e-flex wpr-particle-no wpr-jarallax-no wpr-parallax-no wpr-sticky-section-no wpr-equal-height-no e-con e-child\" data-id=\"2598aaa3\" data-element_type=\"container\" data-e-type=\"container\">\n\t\t\t\t<div class=\"elementor-element elementor-element-3880d2c elementor-widget elementor-widget-heading\" data-id=\"3880d2c\" data-element_type=\"widget\" data-e-type=\"widget\" data-widget_type=\"heading.default\">\n\t\t\t\t<div class=\"elementor-widget-container\">\n\t\t\t\t\t<h2 class=\"elementor-heading-title elementor-size-default\">T\u00e9cnico em Mec\u00e2nica<\/h2>\t\t\t\t<\/div>\n\t\t\t\t<\/div>\n\t\t\t\t<\/div>\n\t\t<div class=\"elementor-element elementor-element-7bf82436 e-con-full e-flex wpr-particle-no wpr-jarallax-no wpr-parallax-no wpr-sticky-section-no wpr-equal-height-no e-con e-child\" data-id=\"7bf82436\" data-element_type=\"container\" data-e-type=\"container\">\n\t\t\t\t<div class=\"elementor-element elementor-element-3abb87fc elementor-hidden-desktop elementor-hidden-tablet elementor-widget elementor-widget-image\" data-id=\"3abb87fc\" data-element_type=\"widget\" data-e-type=\"widget\" data-widget_type=\"image.default\">\n\t\t\t\t<div class=\"elementor-widget-container\">\n\t\t\t\t\t\t\t\t\t\t\t\t\t\t\t<img decoding=\"async\" src=\"https:\/\/cearacruz.com.br\/portal\/wp-content\/uploads\/elementor\/thumbs\/image-12-r17v87mw39ji1b0wtxynspmimhijz1fdny1k7628fy.png\" title=\"image 12\" alt=\"image 12\" loading=\"lazy\" \/>\t\t\t\t\t\t\t\t\t\t\t\t\t\t\t<\/div>\n\t\t\t\t<\/div>\n\t\t\t\t<\/div>\n\t\t\t\t<\/div>\n\t\t\t\t<div class=\"elementor-element elementor-element-3c1f8bb2 elementor-invisible elementor-widget elementor-widget-text-editor\" data-id=\"3c1f8bb2\" data-element_type=\"widget\" data-e-type=\"widget\" data-settings=\"{&quot;_animation&quot;:&quot;fadeInLeft&quot;}\" data-widget_type=\"text-editor.default\">\n\t\t\t\t<div class=\"elementor-widget-container\">\n\t\t\t\t\t\t\t\t\t<p>O T\u00e9cnico formado em Mec\u00e2nica pelo CEA ser\u00e1 capaz de:<\/p>\t\t\t\t\t\t\t\t<\/div>\n\t\t\t\t<\/div>\n\t\t\t\t<div class=\"elementor-element elementor-element-36d9e47a elementor-invisible elementor-widget elementor-widget-text-editor\" data-id=\"36d9e47a\" data-element_type=\"widget\" data-e-type=\"widget\" data-settings=\"{&quot;_animation&quot;:&quot;fadeInLeft&quot;}\" data-widget_type=\"text-editor.default\">\n\t\t\t\t<div class=\"elementor-widget-container\">\n\t\t\t\t\t\t\t\t\t<ul><li>Qualificar jovens e adultos na \u00e1rea da ind\u00fastria para atuar no mercado de trabalho em mec\u00e2nica, possibilitando-lhes a compreens\u00e3o dos fundamentos cient\u00edfico-tecnol\u00f3gicos dos processos produtivos, relacionando a teoria com a pr\u00e1tica;<\/li><li>Compet\u00eancias profissionais a serem ofertadas aos concluintes;<br \/>Elaborar projetos de produtos, ferramentas, controle de qualidade, controle de processos e manuten\u00e7\u00e3o relacionados \u00e0 m\u00e1quinas e equipamentos mec\u00e2nicos;<\/li><li>Planejar, aplicar e controlar procedimentos de instala\u00e7\u00e3o, de manuten\u00e7\u00e3o e inspe\u00e7\u00e3o mec\u00e2nica de m\u00e1quinas e equipamentos;<\/li><li>Operar equipamentos de usinagem;<\/li><li>Aplicar procedimentos de soldagem; realizar interpreta\u00e7\u00e3o de desenho t\u00e9cnico;<\/li><li>Controlar processos de fabrica\u00e7\u00e3o;<\/li><li>Aplicar t\u00e9cnicas de medi\u00e7\u00e3o e ensaios e especificar materiais para constru\u00e7\u00e3o mec\u00e2nica;<\/li><li>Reconhecer tecnologias inovadoras presentes no segmento visando a atender \u00e0s transforma\u00e7\u00f5es digitais na sociedade;<\/li><li>Correlacionar as propriedades dos materiais n\u00e3o ferrosos e suas aplica\u00e7\u00f5es;<\/li><li>Interpretar legisla\u00e7\u00e3o e normas de sa\u00fade e seguran\u00e7a do trabalho, de qualidade e ambientais;<\/li><li>Ler e interpretar cat\u00e1logos, manuais e tabelas;<\/li><li>Correlacionar os diversos instrumentos de medidas em instrumenta\u00e7\u00e3o e controle.<\/li><li>Avaliar as caracter\u00edsticas e propriedades dos materiais, insumos e elementos de m\u00e1quinas;<\/li><\/ul>\t\t\t\t\t\t\t\t<\/div>\n\t\t\t\t<\/div>\n\t\t\t\t\t<\/div>\n\t\t\t\t<\/div>\n\t\t<div class=\"elementor-element elementor-element-4a7955f5 e-flex e-con-boxed wpr-particle-no wpr-jarallax-no wpr-parallax-no wpr-sticky-section-no wpr-equal-height-no e-con e-parent\" data-id=\"4a7955f5\" data-element_type=\"container\" data-e-type=\"container\" data-settings=\"{&quot;background_background&quot;:&quot;classic&quot;}\">\n\t\t\t\t\t<div class=\"e-con-inner\">\n\t\t<div class=\"elementor-element elementor-element-548d5a44 e-grid e-con-full wpr-particle-no wpr-jarallax-no wpr-parallax-no wpr-sticky-section-no wpr-equal-height-no e-con e-child\" data-id=\"548d5a44\" data-element_type=\"container\" data-e-type=\"container\" data-settings=\"{&quot;background_background&quot;:&quot;classic&quot;}\">\n\t\t<div class=\"elementor-element elementor-element-5c407a7f e-con-full e-flex wpr-particle-no wpr-jarallax-no wpr-parallax-no wpr-sticky-section-no wpr-equal-height-no elementor-invisible e-con e-child\" data-id=\"5c407a7f\" data-element_type=\"container\" data-e-type=\"container\" data-settings=\"{&quot;animation&quot;:&quot;fadeInLeft&quot;}\">\n\t\t\t\t<div class=\"elementor-element elementor-element-349584cd elementor-widget elementor-widget-heading\" data-id=\"349584cd\" data-element_type=\"widget\" data-e-type=\"widget\" data-widget_type=\"heading.default\">\n\t\t\t\t<div class=\"elementor-widget-container\">\n\t\t\t\t\t<h2 class=\"elementor-heading-title elementor-size-default\">Mais informa\u00e7\u00f5es<\/h2>\t\t\t\t<\/div>\n\t\t\t\t<\/div>\n\t\t\t\t<div class=\"elementor-element elementor-element-49de552a elementor-widget__width-initial elementor-widget elementor-widget-text-editor\" data-id=\"49de552a\" data-element_type=\"widget\" data-e-type=\"widget\" data-widget_type=\"text-editor.default\">\n\t\t\t\t<div class=\"elementor-widget-container\">\n\t\t\t\t\t\t\t\t\t<div><div style=\"display: flex;\"><p>Dura\u00e7\u00e3o do curso:<\/p><div style=\"color: white;\">\u00a018 meses<\/div><\/div><div style=\"display: flex;\"><p>Per\u00edodo:<\/p><div style=\"color: white;\">\u00a0Noturno<\/div><\/div><div><p>Hor\u00e1rio de atendimento para matr\u00edcula:<\/p><div style=\"color: white;\">11h \u00e0s 17h<\/div><\/div><\/div>\t\t\t\t\t\t\t\t<\/div>\n\t\t\t\t<\/div>\n\t\t<div class=\"elementor-element elementor-element-1e8dbc12 e-con-full e-flex wpr-particle-no wpr-jarallax-no wpr-parallax-no wpr-sticky-section-no wpr-equal-height-no e-con e-child\" data-id=\"1e8dbc12\" data-element_type=\"container\" data-e-type=\"container\" data-settings=\"{&quot;background_background&quot;:&quot;classic&quot;}\">\n\t\t\t\t<div class=\"elementor-element elementor-element-46a49ed9 elementor-widget elementor-widget-text-editor\" data-id=\"46a49ed9\" data-element_type=\"widget\" data-e-type=\"widget\" data-widget_type=\"text-editor.default\">\n\t\t\t\t<div class=\"elementor-widget-container\">\n\t\t\t\t\t\t\t\t\t<p>INVESTIMENTO:\u00a018x de R$375,00<\/p>\t\t\t\t\t\t\t\t<\/div>\n\t\t\t\t<\/div>\n\t\t\t\t<\/div>\n\t\t\t\t<div class=\"elementor-element elementor-element-3bf3bbf elementor-mobile-align-center elementor-widget elementor-widget-button\" data-id=\"3bf3bbf\" data-element_type=\"widget\" data-e-type=\"widget\" data-widget_type=\"button.default\">\n\t\t\t\t<div class=\"elementor-widget-container\">\n\t\t\t\t\t\t\t\t\t<div class=\"elementor-button-wrapper\">\n\t\t\t\t\t<a class=\"elementor-button elementor-button-link elementor-size-sm\" href=\"https:\/\/docs.google.com\/forms\/d\/e\/1FAIpQLSe4eFDmoQ3dGzjeTjxvdVV-F38I2JcagsQRYxiC-BdORuXkYg\/viewform\">\n\t\t\t\t\t\t<span class=\"elementor-button-content-wrapper\">\n\t\t\t\t\t\t\t\t\t<span class=\"elementor-button-text\">Fazer pr\u00e9-inscri\u00e7\u00e3o<\/span>\n\t\t\t\t\t<\/span>\n\t\t\t\t\t<\/a>\n\t\t\t\t<\/div>\n\t\t\t\t\t\t\t\t<\/div>\n\t\t\t\t<\/div>\n\t\t\t\t<\/div>\n\t\t\t\t<div class=\"elementor-element elementor-element-5c6ac07c elementor-hidden-tablet elementor-hidden-mobile elementor-invisible elementor-widget elementor-widget-image\" data-id=\"5c6ac07c\" data-element_type=\"widget\" data-e-type=\"widget\" data-settings=\"{&quot;_animation&quot;:&quot;fadeInRight&quot;}\" data-widget_type=\"image.default\">\n\t\t\t\t<div class=\"elementor-widget-container\">\n\t\t\t\t\t\t\t\t\t\t\t\t\t\t\t<img decoding=\"async\" src=\"https:\/\/cearacruz.com.br\/portal\/wp-content\/uploads\/elementor\/thumbs\/Group-457-1-r17unehnb0dwpac16bd9gb5ky0f17mwq2ic8gqeima.png\" title=\"Group 457 (1)\" alt=\"Group 457 (1)\" loading=\"lazy\" \/>\t\t\t\t\t\t\t\t\t\t\t\t\t\t\t<\/div>\n\t\t\t\t<\/div>\n\t\t\t\t<\/div>\n\t\t<div class=\"elementor-element elementor-element-62e32613 e-con-full e-flex wpr-particle-no wpr-jarallax-no wpr-parallax-no wpr-sticky-section-no wpr-equal-height-no elementor-invisible e-con e-child\" data-id=\"62e32613\" data-element_type=\"container\" data-e-type=\"container\" data-settings=\"{&quot;animation&quot;:&quot;fadeInLeft&quot;}\">\n\t\t<div class=\"elementor-element elementor-element-6d49422e e-con-full elementor-hidden-mobile e-flex wpr-particle-no wpr-jarallax-no wpr-parallax-no wpr-sticky-section-no wpr-equal-height-no e-con e-child\" data-id=\"6d49422e\" data-element_type=\"container\" data-e-type=\"container\" data-settings=\"{&quot;background_background&quot;:&quot;classic&quot;}\">\n\t\t\t\t<div class=\"elementor-element elementor-element-1c717fca elementor-widget elementor-widget-spacer\" data-id=\"1c717fca\" data-element_type=\"widget\" data-e-type=\"widget\" data-widget_type=\"spacer.default\">\n\t\t\t\t<div class=\"elementor-widget-container\">\n\t\t\t\t\t\t\t<div class=\"elementor-spacer\">\n\t\t\t<div class=\"elementor-spacer-inner\"><\/div>\n\t\t<\/div>\n\t\t\t\t\t\t<\/div>\n\t\t\t\t<\/div>\n\t\t\t\t<\/div>\n\t\t<div class=\"elementor-element elementor-element-7ad8aa3 e-con-full e-flex wpr-particle-no wpr-jarallax-no wpr-parallax-no wpr-sticky-section-no wpr-equal-height-no e-con e-child\" data-id=\"7ad8aa3\" data-element_type=\"container\" data-e-type=\"container\">\n\t\t\t\t<div class=\"elementor-element elementor-element-6488884a elementor-widget elementor-widget-heading\" data-id=\"6488884a\" data-element_type=\"widget\" data-e-type=\"widget\" data-widget_type=\"heading.default\">\n\t\t\t\t<div class=\"elementor-widget-container\">\n\t\t\t\t\t<h2 class=\"elementor-heading-title elementor-size-default\">Documentos para matr\u00edcula<\/h2>\t\t\t\t<\/div>\n\t\t\t\t<\/div>\n\t\t\t\t<\/div>\n\t\t\t\t<\/div>\n\t\t\t\t<div class=\"elementor-element elementor-element-112d330b elementor-invisible elementor-widget elementor-widget-text-editor\" data-id=\"112d330b\" data-element_type=\"widget\" data-e-type=\"widget\" data-settings=\"{&quot;_animation&quot;:&quot;fadeInRight&quot;}\" data-widget_type=\"text-editor.default\">\n\t\t\t\t<div class=\"elementor-widget-container\">\n\t\t\t\t\t\t\t\t\t<ul><li>Requerimento de Matr\u00edcula;<\/li><li>Certificado ou Hist\u00f3rico Escolar de conclus\u00e3o do Ensino M\u00e9dio (apresenta\u00e7\u00e3o do original e c\u00f3pia simples ou c\u00f3pia autenticada) ou,<\/li><li>Declara\u00e7\u00e3o de escola, comprovando estar cursando a escolaridade m\u00ednima exigida (original);<\/li><li>Xerox do RG e CPF dos pais, no caso de alunos menores de 18 anos;<\/li><li>Xerox da Certid\u00e3o de nascimento\/casamento;<\/li><li>Xerox do RG e CPF do aluno;<\/li><li>2 fotos 3\u00d74 recentes;<\/li><li>Xerox do comprovante de endere\u00e7o com CEP;<\/li><li>Xerox do t\u00edtulo de eleitor, para os maiores de 18 anos, com comprova\u00e7\u00e3o de voto na \u00faltima elei\u00e7\u00e3o (fotoc\u00f3pia);<\/li><li>Prova de quita\u00e7\u00e3o com as obriga\u00e7\u00f5es militares para os alunos, do sexo masculino, maiores de 18 anos.<\/li><\/ul>\t\t\t\t\t\t\t\t<\/div>\n\t\t\t\t<\/div>\n\t\t\t\t\t<\/div>\n\t\t\t\t<\/div>\n\t\t\t\t<\/div>\n\t\t","protected":false},"excerpt":{"rendered":"<p>T\u00e9cnico em Mec\u00e2nica T\u00e9cnico em Mec\u00e2nica O T\u00e9cnico formado em Mec\u00e2nica pelo CEA ser\u00e1 capaz de: Qualificar jovens e adultos na \u00e1rea da ind\u00fastria para atuar no mercado de trabalho em mec\u00e2nica, possibilitando-lhes a compreens\u00e3o dos fundamentos cient\u00edfico-tecnol\u00f3gicos dos processos produtivos, relacionando a teoria com a pr\u00e1tica; Compet\u00eancias profissionais a serem ofertadas aos concluintes;Elaborar projetos de produtos, ferramentas, controle de qualidade, controle de processos e manuten\u00e7\u00e3o relacionados \u00e0 m\u00e1quinas e equipamentos mec\u00e2nicos; Planejar, aplicar e controlar procedimentos de instala\u00e7\u00e3o, de manuten\u00e7\u00e3o e inspe\u00e7\u00e3o mec\u00e2nica de m\u00e1quinas e equipamentos; Operar equipamentos de usinagem; Aplicar procedimentos de soldagem; realizar interpreta\u00e7\u00e3o de desenho t\u00e9cnico; Controlar processos de fabrica\u00e7\u00e3o; Aplicar t\u00e9cnicas de medi\u00e7\u00e3o e ensaios e especificar materiais para constru\u00e7\u00e3o mec\u00e2nica; Reconhecer tecnologias inovadoras presentes no segmento visando a atender \u00e0s transforma\u00e7\u00f5es digitais na sociedade; Correlacionar as propriedades dos materiais n\u00e3o ferrosos e suas aplica\u00e7\u00f5es; Interpretar legisla\u00e7\u00e3o e normas de sa\u00fade e seguran\u00e7a do trabalho, de qualidade e ambientais; Ler e interpretar cat\u00e1logos, manuais e tabelas; Correlacionar os diversos instrumentos de medidas em instrumenta\u00e7\u00e3o e controle. Avaliar as caracter\u00edsticas e propriedades dos materiais, insumos e elementos de m\u00e1quinas; Mais informa\u00e7\u00f5es Dura\u00e7\u00e3o do curso: \u00a018 meses Per\u00edodo: \u00a0Noturno Hor\u00e1rio de atendimento para matr\u00edcula: 11h \u00e0s 17h INVESTIMENTO:\u00a018x de R$375,00 Fazer pr\u00e9-inscri\u00e7\u00e3o Documentos para matr\u00edcula Requerimento de Matr\u00edcula; Certificado ou Hist\u00f3rico Escolar de conclus\u00e3o do Ensino M\u00e9dio (apresenta\u00e7\u00e3o do original e c\u00f3pia simples ou c\u00f3pia autenticada) ou, Declara\u00e7\u00e3o de escola, comprovando estar cursando a escolaridade m\u00ednima exigida (original); Xerox do RG e CPF dos pais, no caso de alunos menores de 18 anos; Xerox da Certid\u00e3o de nascimento\/casamento; Xerox do RG e CPF do aluno; 2 fotos 3\u00d74 recentes; Xerox do comprovante de endere\u00e7o com CEP; Xerox do t\u00edtulo de eleitor, para os maiores de 18 anos, com comprova\u00e7\u00e3o de voto na \u00faltima elei\u00e7\u00e3o (fotoc\u00f3pia); Prova de quita\u00e7\u00e3o com as obriga\u00e7\u00f5es militares para os alunos, do sexo masculino, maiores de 18 anos.<\/p>\n","protected":false},"author":1,"featured_media":0,"parent":0,"menu_order":0,"comment_status":"closed","ping_status":"closed","template":"elementor_header_footer","meta":{"om_disable_all_campaigns":false,"_exactmetrics_skip_tracking":false,"_exactmetrics_sitenote_active":false,"_exactmetrics_sitenote_note":"","_exactmetrics_sitenote_category":0,"_monsterinsights_skip_tracking":false,"_monsterinsights_sitenote_active":false,"_monsterinsights_sitenote_note":"","_monsterinsights_sitenote_category":0,"_uf_show_specific_survey":0,"_uf_disable_surveys":false,"footnotes":""},"class_list":["post-6214","page","type-page","status-publish","hentry"],"aioseo_notices":[],"_links":{"self":[{"href":"https:\/\/cearacruz.com.br\/portal\/wp-json\/wp\/v2\/pages\/6214","targetHints":{"allow":["GET"]}}],"collection":[{"href":"https:\/\/cearacruz.com.br\/portal\/wp-json\/wp\/v2\/pages"}],"about":[{"href":"https:\/\/cearacruz.com.br\/portal\/wp-json\/wp\/v2\/types\/page"}],"author":[{"embeddable":true,"href":"https:\/\/cearacruz.com.br\/portal\/wp-json\/wp\/v2\/users\/1"}],"replies":[{"embeddable":true,"href":"https:\/\/cearacruz.com.br\/portal\/wp-json\/wp\/v2\/comments?post=6214"}],"version-history":[{"count":22,"href":"https:\/\/cearacruz.com.br\/portal\/wp-json\/wp\/v2\/pages\/6214\/revisions"}],"predecessor-version":[{"id":7611,"href":"https:\/\/cearacruz.com.br\/portal\/wp-json\/wp\/v2\/pages\/6214\/revisions\/7611"}],"wp:attachment":[{"href":"https:\/\/cearacruz.com.br\/portal\/wp-json\/wp\/v2\/media?parent=6214"}],"curies":[{"name":"wp","href":"https:\/\/api.w.org\/{rel}","templated":true}]}}