{"id":468,"date":"2025-02-08T18:07:50","date_gmt":"2025-02-08T18:07:50","guid":{"rendered":"https:\/\/cearacruz.com.br\/?page_id=468"},"modified":"2025-05-15T03:22:36","modified_gmt":"2025-05-15T03:22:36","slug":"tecnico-em-edificacoes","status":"publish","type":"page","link":"https:\/\/cearacruz.com.br\/portal\/tecnico-em-edificacoes\/","title":{"rendered":"T\u00e9cnico em Edifica\u00e7\u00f5es"},"content":{"rendered":"\t\t<div data-elementor-type=\"wp-page\" data-elementor-id=\"468\" class=\"elementor elementor-468\" data-elementor-post-type=\"page\">\n\t\t\t\t<div class=\"elementor-element elementor-element-56932b2 e-flex e-con-boxed wpr-particle-no wpr-jarallax-no wpr-parallax-no wpr-sticky-section-no wpr-equal-height-no e-con e-parent\" data-id=\"56932b2\" data-element_type=\"container\" data-e-type=\"container\">\n\t\t\t\t\t<div class=\"e-con-inner\">\n\t\t\t\t<div class=\"elementor-element elementor-element-e65db53 elementor-invisible elementor-widget elementor-widget-image\" data-id=\"e65db53\" data-element_type=\"widget\" data-e-type=\"widget\" data-settings=\"{&quot;_animation&quot;:&quot;fadeInDown&quot;}\" data-widget_type=\"image.default\">\n\t\t\t\t<div class=\"elementor-widget-container\">\n\t\t\t\t\t\t\t\t\t\t\t\t\t\t\t<img decoding=\"async\" src=\"https:\/\/cearacruz.com.br\/portal\/wp-content\/uploads\/elementor\/thumbs\/Mask-group-4-r17rhsq3jr4ioiwvifoj0b5tf6cse8oo7sr6yoq48k.png\" title=\"Mask group (4)\" alt=\"Mask group (4)\" loading=\"lazy\" \/>\t\t\t\t\t\t\t\t\t\t\t\t\t\t\t<\/div>\n\t\t\t\t<\/div>\n\t\t<div class=\"elementor-element elementor-element-b6d41c0 e-con-full elementor-hidden-mobile e-flex wpr-particle-no wpr-jarallax-no wpr-parallax-no wpr-sticky-section-no wpr-equal-height-no elementor-invisible e-con e-child\" data-id=\"b6d41c0\" data-element_type=\"container\" data-e-type=\"container\" data-settings=\"{&quot;animation&quot;:&quot;fadeInLeft&quot;}\">\n\t\t<div class=\"elementor-element elementor-element-3ded111 e-con-full elementor-hidden-mobile e-flex wpr-particle-no wpr-jarallax-no wpr-parallax-no wpr-sticky-section-no wpr-equal-height-no e-con e-child\" data-id=\"3ded111\" data-element_type=\"container\" data-e-type=\"container\" data-settings=\"{&quot;background_background&quot;:&quot;classic&quot;}\">\n\t\t\t\t<div class=\"elementor-element elementor-element-31f0497 elementor-widget elementor-widget-spacer\" data-id=\"31f0497\" data-element_type=\"widget\" data-e-type=\"widget\" data-widget_type=\"spacer.default\">\n\t\t\t\t<div class=\"elementor-widget-container\">\n\t\t\t\t\t\t\t<div class=\"elementor-spacer\">\n\t\t\t<div class=\"elementor-spacer-inner\"><\/div>\n\t\t<\/div>\n\t\t\t\t\t\t<\/div>\n\t\t\t\t<\/div>\n\t\t\t\t<\/div>\n\t\t<div class=\"elementor-element elementor-element-a862394 e-con-full e-flex wpr-particle-no wpr-jarallax-no wpr-parallax-no wpr-sticky-section-no wpr-equal-height-no e-con e-child\" data-id=\"a862394\" data-element_type=\"container\" data-e-type=\"container\">\n\t\t\t\t<div class=\"elementor-element elementor-element-c65c6ab elementor-widget elementor-widget-heading\" data-id=\"c65c6ab\" data-element_type=\"widget\" data-e-type=\"widget\" data-widget_type=\"heading.default\">\n\t\t\t\t<div class=\"elementor-widget-container\">\n\t\t\t\t\t<h2 class=\"elementor-heading-title elementor-size-default\">T\u00e9cnico em Edifica\u00e7\u00f5es<\/h2>\t\t\t\t<\/div>\n\t\t\t\t<\/div>\n\t\t\t\t<\/div>\n\t\t<div class=\"elementor-element elementor-element-a08d2b3 e-con-full e-flex wpr-particle-no wpr-jarallax-no wpr-parallax-no wpr-sticky-section-no wpr-equal-height-no e-con e-child\" data-id=\"a08d2b3\" data-element_type=\"container\" data-e-type=\"container\">\n\t\t\t\t<div class=\"elementor-element elementor-element-b262836 elementor-hidden-tablet elementor-hidden-mobile elementor-widget elementor-widget-image\" data-id=\"b262836\" data-element_type=\"widget\" data-e-type=\"widget\" data-widget_type=\"image.default\">\n\t\t\t\t<div class=\"elementor-widget-container\">\n\t\t\t\t\t\t\t\t\t\t\t\t\t\t\t<img decoding=\"async\" src=\"https:\/\/cearacruz.com.br\/portal\/wp-content\/uploads\/elementor\/thumbs\/image-12-r17v87mw39ji1b0wtxynspmimhijz1fdny1k7628fy.png\" title=\"image 12\" alt=\"image 12\" loading=\"lazy\" \/>\t\t\t\t\t\t\t\t\t\t\t\t\t\t\t<\/div>\n\t\t\t\t<\/div>\n\t\t\t\t<div class=\"elementor-element elementor-element-a03b1ce elementor-hidden-desktop elementor-hidden-mobile elementor-widget elementor-widget-image\" data-id=\"a03b1ce\" data-element_type=\"widget\" data-e-type=\"widget\" data-widget_type=\"image.default\">\n\t\t\t\t<div class=\"elementor-widget-container\">\n\t\t\t\t\t\t\t\t\t\t\t\t\t\t\t<img decoding=\"async\" src=\"https:\/\/cearacruz.com.br\/portal\/wp-content\/uploads\/elementor\/thumbs\/image-12-r17v87mvhc5expxmpzfcawn8legb1bdhpy7oe1q2eo.png\" title=\"image 12\" alt=\"image 12\" loading=\"lazy\" \/>\t\t\t\t\t\t\t\t\t\t\t\t\t\t\t<\/div>\n\t\t\t\t<\/div>\n\t\t\t\t<\/div>\n\t\t\t\t<\/div>\n\t\t<div class=\"elementor-element elementor-element-312193d e-con-full elementor-hidden-desktop elementor-hidden-tablet e-flex wpr-particle-no wpr-jarallax-no wpr-parallax-no wpr-sticky-section-no wpr-equal-height-no e-con e-child\" data-id=\"312193d\" data-element_type=\"container\" data-e-type=\"container\">\n\t\t<div class=\"elementor-element elementor-element-c239ae9 e-con-full e-flex wpr-particle-no wpr-jarallax-no wpr-parallax-no wpr-sticky-section-no wpr-equal-height-no e-con e-child\" data-id=\"c239ae9\" data-element_type=\"container\" data-e-type=\"container\">\n\t\t\t\t<div class=\"elementor-element elementor-element-2ebcc7f elementor-widget elementor-widget-heading\" data-id=\"2ebcc7f\" data-element_type=\"widget\" data-e-type=\"widget\" data-widget_type=\"heading.default\">\n\t\t\t\t<div class=\"elementor-widget-container\">\n\t\t\t\t\t<h2 class=\"elementor-heading-title elementor-size-default\">T\u00e9cnico em Edifica\u00e7\u00f5es<\/h2>\t\t\t\t<\/div>\n\t\t\t\t<\/div>\n\t\t\t\t<\/div>\n\t\t<div class=\"elementor-element elementor-element-c841524 e-con-full e-flex wpr-particle-no wpr-jarallax-no wpr-parallax-no wpr-sticky-section-no wpr-equal-height-no e-con e-child\" data-id=\"c841524\" data-element_type=\"container\" data-e-type=\"container\">\n\t\t\t\t<div class=\"elementor-element elementor-element-199c25f elementor-hidden-desktop elementor-hidden-tablet elementor-widget elementor-widget-image\" data-id=\"199c25f\" data-element_type=\"widget\" data-e-type=\"widget\" data-widget_type=\"image.default\">\n\t\t\t\t<div class=\"elementor-widget-container\">\n\t\t\t\t\t\t\t\t\t\t\t\t\t\t\t<img decoding=\"async\" src=\"https:\/\/cearacruz.com.br\/portal\/wp-content\/uploads\/elementor\/thumbs\/image-12-r17v87mw39ji1b0wtxynspmimhijz1fdny1k7628fy.png\" title=\"image 12\" alt=\"image 12\" loading=\"lazy\" \/>\t\t\t\t\t\t\t\t\t\t\t\t\t\t\t<\/div>\n\t\t\t\t<\/div>\n\t\t\t\t<\/div>\n\t\t\t\t<\/div>\n\t\t\t\t<div class=\"elementor-element elementor-element-f124b42 elementor-invisible elementor-widget elementor-widget-text-editor\" data-id=\"f124b42\" data-element_type=\"widget\" data-e-type=\"widget\" data-settings=\"{&quot;_animation&quot;:&quot;fadeInLeft&quot;}\" data-widget_type=\"text-editor.default\">\n\t\t\t\t<div class=\"elementor-widget-container\">\n\t\t\t\t\t\t\t\t\t<p>O T\u00e9cnico formado em Edifica\u00e7\u00f5es pelo CEA ser\u00e1 capaz de:<\/p>\t\t\t\t\t\t\t\t<\/div>\n\t\t\t\t<\/div>\n\t\t\t\t<div class=\"elementor-element elementor-element-e426a98 elementor-invisible elementor-widget elementor-widget-text-editor\" data-id=\"e426a98\" data-element_type=\"widget\" data-e-type=\"widget\" data-settings=\"{&quot;_animation&quot;:&quot;fadeInLeft&quot;}\" data-widget_type=\"text-editor.default\">\n\t\t\t\t<div class=\"elementor-widget-container\">\n\t\t\t\t\t\t\t\t\t<ul><li>Desenvolver e executar projetos de edifica\u00e7\u00f5es;<\/li><li>Planejar a execu\u00e7\u00e3o e a elabora\u00e7\u00e3o de or\u00e7amento de obras;<\/li><li>Desenvolver projetos e pesquisas tecnol\u00f3gicas na \u00e1rea de edifica\u00e7\u00f5es;<\/li><li>Coordenar a execu\u00e7\u00e3o de servi\u00e7os de manuten\u00e7\u00e3o de equipamentos e de instala\u00e7\u00f5es em edifica\u00e7\u00f5es;<\/li><li>Prestar assist\u00eancia t\u00e9cnica e assessoria no estudo de viabilidade e desenvolvimento de projetos e pesquisas tecnol\u00f3gicas;<\/li><li>Ser capaz de trabalhar com iniciativa, criatividade e sociabilidade;<\/li><li>Ter autonomia para buscar novos conhecimentos pertinentes \u00e0 \u00e1rea de edifica\u00e7\u00f5es;<\/li><li>Utilizar da flexibilidade para solucionar os problemas encontrados no exerc\u00edcio profissional;<\/li><li>Auxiliar no desenvolvendo e execu\u00e7\u00e3o de projetos de edifica\u00e7\u00f5es de acordo com as normas t\u00e9cnicas de seguran\u00e7a e legisla\u00e7\u00e3o espec\u00edfica;<\/li><li>Auxiliar no planejamento da execu\u00e7\u00e3o e da elabora\u00e7\u00e3o de or\u00e7amento de obras;<\/li><li>Auxiliar no desenvolvimento de projetos e pesquisas tecnol\u00f3gicas na \u00e1rea de edifica\u00e7\u00f5es;<\/li><li>Auxiliar na orienta\u00e7\u00e3o e coordena\u00e7\u00e3o da execu\u00e7\u00e3o de servi\u00e7os de manuten\u00e7\u00e3o de equipamentos e de instala\u00e7\u00f5es em edifica\u00e7\u00f5es, tendo como princ\u00edpio a preserva\u00e7\u00e3o ambiental.<\/li><\/ul>\t\t\t\t\t\t\t\t<\/div>\n\t\t\t\t<\/div>\n\t\t\t\t\t<\/div>\n\t\t\t\t<\/div>\n\t\t<div class=\"elementor-element elementor-element-213588b e-flex e-con-boxed wpr-particle-no wpr-jarallax-no wpr-parallax-no wpr-sticky-section-no wpr-equal-height-no e-con e-parent\" data-id=\"213588b\" data-element_type=\"container\" data-e-type=\"container\" data-settings=\"{&quot;background_background&quot;:&quot;classic&quot;}\">\n\t\t\t\t\t<div class=\"e-con-inner\">\n\t\t<div class=\"elementor-element elementor-element-850de42 e-grid e-con-full wpr-particle-no wpr-jarallax-no wpr-parallax-no wpr-sticky-section-no wpr-equal-height-no e-con e-child\" data-id=\"850de42\" data-element_type=\"container\" data-e-type=\"container\" data-settings=\"{&quot;background_background&quot;:&quot;classic&quot;}\">\n\t\t<div class=\"elementor-element elementor-element-e61aba6 e-con-full e-flex wpr-particle-no wpr-jarallax-no wpr-parallax-no wpr-sticky-section-no wpr-equal-height-no elementor-invisible e-con e-child\" data-id=\"e61aba6\" data-element_type=\"container\" data-e-type=\"container\" data-settings=\"{&quot;animation&quot;:&quot;fadeInLeft&quot;}\">\n\t\t\t\t<div class=\"elementor-element elementor-element-4da7589 elementor-widget elementor-widget-heading\" data-id=\"4da7589\" data-element_type=\"widget\" data-e-type=\"widget\" data-widget_type=\"heading.default\">\n\t\t\t\t<div class=\"elementor-widget-container\">\n\t\t\t\t\t<h2 class=\"elementor-heading-title elementor-size-default\">Mais informa\u00e7\u00f5es<\/h2>\t\t\t\t<\/div>\n\t\t\t\t<\/div>\n\t\t\t\t<div class=\"elementor-element elementor-element-b90486c elementor-widget__width-initial elementor-widget elementor-widget-text-editor\" data-id=\"b90486c\" data-element_type=\"widget\" data-e-type=\"widget\" data-widget_type=\"text-editor.default\">\n\t\t\t\t<div class=\"elementor-widget-container\">\n\t\t\t\t\t\t\t\t\t<div><div style=\"display: flex;\"><p>Dura\u00e7\u00e3o do curso:<\/p><div style=\"color: white;\">\u00a018 meses<\/div><\/div><div style=\"display: flex;\"><p>Per\u00edodo:<\/p><div style=\"color: white;\">\u00a0Noturno<\/div><\/div><div><p>Hor\u00e1rio de atendimento para matr\u00edcula:<\/p><div style=\"color: white;\">11h \u00e0s 17h<\/div><\/div><\/div>\t\t\t\t\t\t\t\t<\/div>\n\t\t\t\t<\/div>\n\t\t<div class=\"elementor-element elementor-element-b7b7640 e-con-full e-flex wpr-particle-no wpr-jarallax-no wpr-parallax-no wpr-sticky-section-no wpr-equal-height-no e-con e-child\" data-id=\"b7b7640\" data-element_type=\"container\" data-e-type=\"container\" data-settings=\"{&quot;background_background&quot;:&quot;classic&quot;}\">\n\t\t\t\t<div class=\"elementor-element elementor-element-c58b891 elementor-widget elementor-widget-text-editor\" data-id=\"c58b891\" data-element_type=\"widget\" data-e-type=\"widget\" data-widget_type=\"text-editor.default\">\n\t\t\t\t<div class=\"elementor-widget-container\">\n\t\t\t\t\t\t\t\t\t<p>INVESTIMENTO:\u00a018x de R$375,00<\/p>\t\t\t\t\t\t\t\t<\/div>\n\t\t\t\t<\/div>\n\t\t\t\t<\/div>\n\t\t\t\t<div class=\"elementor-element elementor-element-047eae8 elementor-mobile-align-center elementor-widget elementor-widget-button\" data-id=\"047eae8\" data-element_type=\"widget\" data-e-type=\"widget\" data-widget_type=\"button.default\">\n\t\t\t\t<div class=\"elementor-widget-container\">\n\t\t\t\t\t\t\t\t\t<div class=\"elementor-button-wrapper\">\n\t\t\t\t\t<a class=\"elementor-button elementor-button-link elementor-size-sm\" href=\"https:\/\/docs.google.com\/forms\/d\/e\/1FAIpQLSe4eFDmoQ3dGzjeTjxvdVV-F38I2JcagsQRYxiC-BdORuXkYg\/viewform\">\n\t\t\t\t\t\t<span class=\"elementor-button-content-wrapper\">\n\t\t\t\t\t\t\t\t\t<span class=\"elementor-button-text\">Fazer pr\u00e9-inscri\u00e7\u00e3o<\/span>\n\t\t\t\t\t<\/span>\n\t\t\t\t\t<\/a>\n\t\t\t\t<\/div>\n\t\t\t\t\t\t\t\t<\/div>\n\t\t\t\t<\/div>\n\t\t\t\t<\/div>\n\t\t\t\t<div class=\"elementor-element elementor-element-36e11bf elementor-hidden-tablet elementor-hidden-mobile elementor-invisible elementor-widget elementor-widget-image\" data-id=\"36e11bf\" data-element_type=\"widget\" data-e-type=\"widget\" data-settings=\"{&quot;_animation&quot;:&quot;fadeInRight&quot;}\" data-widget_type=\"image.default\">\n\t\t\t\t<div class=\"elementor-widget-container\">\n\t\t\t\t\t\t\t\t\t\t\t\t\t\t\t<img decoding=\"async\" src=\"https:\/\/cearacruz.com.br\/portal\/wp-content\/uploads\/elementor\/thumbs\/Group-457-1-r17unehnb0dwpac16bd9gb5ky0f17mwq2ic8gqeima.png\" title=\"Group 457 (1)\" alt=\"Group 457 (1)\" loading=\"lazy\" \/>\t\t\t\t\t\t\t\t\t\t\t\t\t\t\t<\/div>\n\t\t\t\t<\/div>\n\t\t\t\t<\/div>\n\t\t<div class=\"elementor-element elementor-element-a2dffa6 e-con-full e-flex wpr-particle-no wpr-jarallax-no wpr-parallax-no wpr-sticky-section-no wpr-equal-height-no elementor-invisible e-con e-child\" data-id=\"a2dffa6\" data-element_type=\"container\" data-e-type=\"container\" data-settings=\"{&quot;animation&quot;:&quot;fadeInLeft&quot;}\">\n\t\t<div class=\"elementor-element elementor-element-63b1c0b e-con-full elementor-hidden-mobile e-flex wpr-particle-no wpr-jarallax-no wpr-parallax-no wpr-sticky-section-no wpr-equal-height-no e-con e-child\" data-id=\"63b1c0b\" data-element_type=\"container\" data-e-type=\"container\" data-settings=\"{&quot;background_background&quot;:&quot;classic&quot;}\">\n\t\t\t\t<div class=\"elementor-element elementor-element-a6f806c elementor-widget elementor-widget-spacer\" data-id=\"a6f806c\" data-element_type=\"widget\" data-e-type=\"widget\" data-widget_type=\"spacer.default\">\n\t\t\t\t<div class=\"elementor-widget-container\">\n\t\t\t\t\t\t\t<div class=\"elementor-spacer\">\n\t\t\t<div class=\"elementor-spacer-inner\"><\/div>\n\t\t<\/div>\n\t\t\t\t\t\t<\/div>\n\t\t\t\t<\/div>\n\t\t\t\t<\/div>\n\t\t<div class=\"elementor-element elementor-element-b7a3c6e e-con-full e-flex wpr-particle-no wpr-jarallax-no wpr-parallax-no wpr-sticky-section-no wpr-equal-height-no e-con e-child\" data-id=\"b7a3c6e\" data-element_type=\"container\" data-e-type=\"container\">\n\t\t\t\t<div class=\"elementor-element elementor-element-2612e46 elementor-widget elementor-widget-heading\" data-id=\"2612e46\" data-element_type=\"widget\" data-e-type=\"widget\" data-widget_type=\"heading.default\">\n\t\t\t\t<div class=\"elementor-widget-container\">\n\t\t\t\t\t<h2 class=\"elementor-heading-title elementor-size-default\">Documentos para matr\u00edcula<\/h2>\t\t\t\t<\/div>\n\t\t\t\t<\/div>\n\t\t\t\t<\/div>\n\t\t\t\t<\/div>\n\t\t\t\t<div class=\"elementor-element elementor-element-d0bb022 elementor-invisible elementor-widget elementor-widget-text-editor\" data-id=\"d0bb022\" data-element_type=\"widget\" data-e-type=\"widget\" data-settings=\"{&quot;_animation&quot;:&quot;fadeInRight&quot;}\" data-widget_type=\"text-editor.default\">\n\t\t\t\t<div class=\"elementor-widget-container\">\n\t\t\t\t\t\t\t\t\t<ul><li>Requerimento de Matr\u00edcula;<\/li><li>Certificado ou Hist\u00f3rico Escolar de conclus\u00e3o do Ensino M\u00e9dio (apresenta\u00e7\u00e3o do original e c\u00f3pia simples ou c\u00f3pia autenticada) ou,<\/li><li>Declara\u00e7\u00e3o de escola, comprovando estar cursando a escolaridade m\u00ednima exigida (original);<\/li><li>Xerox do RG e CPF dos pais, no caso de alunos menores de 18 anos;<\/li><li>Xerox da Certid\u00e3o de nascimento\/casamento;<\/li><li>Xerox do RG e CPF do aluno;<\/li><li>2 fotos 3\u00d74 recentes;<\/li><li>Xerox do comprovante de endere\u00e7o com CEP;<\/li><li>Xerox do t\u00edtulo de eleitor, para os maiores de 18 anos, com comprova\u00e7\u00e3o de voto na \u00faltima elei\u00e7\u00e3o (fotoc\u00f3pia);<\/li><li>Prova de quita\u00e7\u00e3o com as obriga\u00e7\u00f5es militares para os alunos, do sexo masculino, maiores de 18 anos.<\/li><\/ul>\t\t\t\t\t\t\t\t<\/div>\n\t\t\t\t<\/div>\n\t\t\t\t\t<\/div>\n\t\t\t\t<\/div>\n\t\t\t\t<\/div>\n\t\t","protected":false},"excerpt":{"rendered":"<p>T\u00e9cnico em Edifica\u00e7\u00f5es T\u00e9cnico em Edifica\u00e7\u00f5es O T\u00e9cnico formado em Edifica\u00e7\u00f5es pelo CEA ser\u00e1 capaz de: Desenvolver e executar projetos de edifica\u00e7\u00f5es; Planejar a execu\u00e7\u00e3o e a elabora\u00e7\u00e3o de or\u00e7amento de obras; Desenvolver projetos e pesquisas tecnol\u00f3gicas na \u00e1rea de edifica\u00e7\u00f5es; Coordenar a execu\u00e7\u00e3o de servi\u00e7os de manuten\u00e7\u00e3o de equipamentos e de instala\u00e7\u00f5es em edifica\u00e7\u00f5es; Prestar assist\u00eancia t\u00e9cnica e assessoria no estudo de viabilidade e desenvolvimento de projetos e pesquisas tecnol\u00f3gicas; Ser capaz de trabalhar com iniciativa, criatividade e sociabilidade; Ter autonomia para buscar novos conhecimentos pertinentes \u00e0 \u00e1rea de edifica\u00e7\u00f5es; Utilizar da flexibilidade para solucionar os problemas encontrados no exerc\u00edcio profissional; Auxiliar no desenvolvendo e execu\u00e7\u00e3o de projetos de edifica\u00e7\u00f5es de acordo com as normas t\u00e9cnicas de seguran\u00e7a e legisla\u00e7\u00e3o espec\u00edfica; Auxiliar no planejamento da execu\u00e7\u00e3o e da elabora\u00e7\u00e3o de or\u00e7amento de obras; Auxiliar no desenvolvimento de projetos e pesquisas tecnol\u00f3gicas na \u00e1rea de edifica\u00e7\u00f5es; Auxiliar na orienta\u00e7\u00e3o e coordena\u00e7\u00e3o da execu\u00e7\u00e3o de servi\u00e7os de manuten\u00e7\u00e3o de equipamentos e de instala\u00e7\u00f5es em edifica\u00e7\u00f5es, tendo como princ\u00edpio a preserva\u00e7\u00e3o ambiental. Mais informa\u00e7\u00f5es Dura\u00e7\u00e3o do curso: \u00a018 meses Per\u00edodo: \u00a0Noturno Hor\u00e1rio de atendimento para matr\u00edcula: 11h \u00e0s 17h INVESTIMENTO:\u00a018x de R$375,00 Fazer pr\u00e9-inscri\u00e7\u00e3o Documentos para matr\u00edcula Requerimento de Matr\u00edcula; Certificado ou Hist\u00f3rico Escolar de conclus\u00e3o do Ensino M\u00e9dio (apresenta\u00e7\u00e3o do original e c\u00f3pia simples ou c\u00f3pia autenticada) ou, Declara\u00e7\u00e3o de escola, comprovando estar cursando a escolaridade m\u00ednima exigida (original); Xerox do RG e CPF dos pais, no caso de alunos menores de 18 anos; Xerox da Certid\u00e3o de nascimento\/casamento; Xerox do RG e CPF do aluno; 2 fotos 3\u00d74 recentes; Xerox do comprovante de endere\u00e7o com CEP; Xerox do t\u00edtulo de eleitor, para os maiores de 18 anos, com comprova\u00e7\u00e3o de voto na \u00faltima elei\u00e7\u00e3o (fotoc\u00f3pia); Prova de quita\u00e7\u00e3o com as obriga\u00e7\u00f5es militares para os alunos, do sexo masculino, maiores de 18 anos.<\/p>\n","protected":false},"author":1,"featured_media":0,"parent":0,"menu_order":0,"comment_status":"closed","ping_status":"closed","template":"elementor_header_footer","meta":{"om_disable_all_campaigns":false,"_exactmetrics_skip_tracking":false,"_exactmetrics_sitenote_active":false,"_exactmetrics_sitenote_note":"","_exactmetrics_sitenote_category":0,"_monsterinsights_skip_tracking":false,"_monsterinsights_sitenote_active":false,"_monsterinsights_sitenote_note":"","_monsterinsights_sitenote_category":0,"_uf_show_specific_survey":0,"_uf_disable_surveys":false,"footnotes":""},"class_list":["post-468","page","type-page","status-publish","hentry"],"aioseo_notices":[],"_links":{"self":[{"href":"https:\/\/cearacruz.com.br\/portal\/wp-json\/wp\/v2\/pages\/468","targetHints":{"allow":["GET"]}}],"collection":[{"href":"https:\/\/cearacruz.com.br\/portal\/wp-json\/wp\/v2\/pages"}],"about":[{"href":"https:\/\/cearacruz.com.br\/portal\/wp-json\/wp\/v2\/types\/page"}],"author":[{"embeddable":true,"href":"https:\/\/cearacruz.com.br\/portal\/wp-json\/wp\/v2\/users\/1"}],"replies":[{"embeddable":true,"href":"https:\/\/cearacruz.com.br\/portal\/wp-json\/wp\/v2\/comments?post=468"}],"version-history":[{"count":97,"href":"https:\/\/cearacruz.com.br\/portal\/wp-json\/wp\/v2\/pages\/468\/revisions"}],"predecessor-version":[{"id":7598,"href":"https:\/\/cearacruz.com.br\/portal\/wp-json\/wp\/v2\/pages\/468\/revisions\/7598"}],"wp:attachment":[{"href":"https:\/\/cearacruz.com.br\/portal\/wp-json\/wp\/v2\/media?parent=468"}],"curies":[{"name":"wp","href":"https:\/\/api.w.org\/{rel}","templated":true}]}}