{"id":407,"date":"2025-02-08T17:35:21","date_gmt":"2025-02-08T17:35:21","guid":{"rendered":"https:\/\/cearacruz.com.br\/?page_id=407"},"modified":"2025-05-25T10:52:04","modified_gmt":"2025-05-25T10:52:04","slug":"ensino-medio","status":"publish","type":"page","link":"https:\/\/cearacruz.com.br\/portal\/ensino-medio\/","title":{"rendered":"Ensino M\u00e9dio"},"content":{"rendered":"\t\t<div data-elementor-type=\"wp-page\" data-elementor-id=\"407\" class=\"elementor elementor-407\" data-elementor-post-type=\"page\">\n\t\t\t\t<div class=\"elementor-element elementor-element-d5c2cd7 e-flex e-con-boxed wpr-particle-no wpr-jarallax-no wpr-parallax-no wpr-sticky-section-no wpr-equal-height-no e-con e-parent\" data-id=\"d5c2cd7\" data-element_type=\"container\" data-e-type=\"container\">\n\t\t\t\t\t<div class=\"e-con-inner\">\n\t\t<div class=\"elementor-element elementor-element-92c8fb7 e-grid e-con-full wpr-particle-no wpr-jarallax-no wpr-parallax-no wpr-sticky-section-no wpr-equal-height-no e-con e-child\" data-id=\"92c8fb7\" data-element_type=\"container\" data-e-type=\"container\">\n\t\t<div class=\"elementor-element elementor-element-b37779a e-con-full e-flex wpr-particle-no wpr-jarallax-no wpr-parallax-no wpr-sticky-section-no wpr-equal-height-no elementor-invisible e-con e-child\" data-id=\"b37779a\" data-element_type=\"container\" data-e-type=\"container\" data-settings=\"{&quot;animation&quot;:&quot;fadeInLeft&quot;}\">\n\t\t\t\t<div class=\"elementor-element elementor-element-565b482 elementor-widget elementor-widget-heading\" data-id=\"565b482\" data-element_type=\"widget\" data-e-type=\"widget\" data-widget_type=\"heading.default\">\n\t\t\t\t<div class=\"elementor-widget-container\">\n\t\t\t\t\t<h2 class=\"elementor-heading-title elementor-size-default\">Ensino M\u00e9dio<\/h2>\t\t\t\t<\/div>\n\t\t\t\t<\/div>\n\t\t\t\t<div class=\"elementor-element elementor-element-9fb2946 elementor-widget__width-initial elementor-widget elementor-widget-text-editor\" data-id=\"9fb2946\" data-element_type=\"widget\" data-e-type=\"widget\" data-widget_type=\"text-editor.default\">\n\t\t\t\t<div class=\"elementor-widget-container\">\n\t\t\t\t\t\t\t\t\tNo Ensino M\u00e9dio o enfoque educacional recai sobre a forma\u00e7\u00e3o de jovens com compet\u00eancias e habilidades para enfrentar as transforma\u00e7\u00f5es e as exig\u00eancias da vida moderna e do mundo do trabalho, promovendo discuss\u00f5es sobre temas atuais.\n<br\/>\n<br\/>\nPara potencializar a aprendizagem do discente s\u00e3o utilizadas diferentes metodologias, criando oportunidades para usar diversas linguagens e estrat\u00e9gias, manifestando aquilo que aprendeu. No ensino m\u00e9dio, as pr\u00e1ticas de ensino s\u00e3o trabalhadas por compet\u00eancias e habilidades, buscando a forma\u00e7\u00e3o integral do aluno.\n<br\/>\n<br\/>\nAl\u00e9m disso os alunos do CEA s\u00e3o preparados para diversos vestibulares, ENEM e forma\u00e7\u00e3o para o mercado de trabalho, ajudando e guiando atrav\u00e9s de processos formativos com orienta\u00e7\u00e3o psicol\u00f3gica e profissional para a escolha da profiss\u00e3o.\t\t\t\t\t\t\t\t<\/div>\n\t\t\t\t<\/div>\n\t\t\t\t<\/div>\n\t\t\t\t<div class=\"elementor-element elementor-element-4763f7f elementor-invisible elementor-widget elementor-widget-image\" data-id=\"4763f7f\" data-element_type=\"widget\" data-e-type=\"widget\" data-settings=\"{&quot;_animation&quot;:&quot;fadeInRight&quot;}\" data-widget_type=\"image.default\">\n\t\t\t\t<div class=\"elementor-widget-container\">\n\t\t\t\t\t\t\t\t\t\t\t\t\t\t\t<img decoding=\"async\" src=\"https:\/\/cearacruz.com.br\/portal\/wp-content\/uploads\/elementor\/thumbs\/Mask-group-4-r6apxtnmi3q0dsdd52rng2kcepceraai95cicx6yyq.png\" title=\"Mask group (4)\" alt=\"Mask group (4)\" loading=\"lazy\" \/>\t\t\t\t\t\t\t\t\t\t\t\t\t\t\t<\/div>\n\t\t\t\t<\/div>\n\t\t\t\t<\/div>\n\t\t\t\t\t<\/div>\n\t\t\t\t<\/div>\n\t\t<div class=\"elementor-element elementor-element-6853332 e-flex e-con-boxed wpr-particle-no wpr-jarallax-no wpr-parallax-no wpr-sticky-section-no wpr-equal-height-no e-con e-child\" data-id=\"6853332\" data-element_type=\"container\" data-e-type=\"container\">\n\t\t\t\t\t<div class=\"e-con-inner\">\n\t\t\t\t<div class=\"elementor-element elementor-element-a73a540 elementor-widget elementor-widget-heading\" data-id=\"a73a540\" data-element_type=\"widget\" data-e-type=\"widget\" data-widget_type=\"heading.default\">\n\t\t\t\t<div class=\"elementor-widget-container\">\n\t\t\t\t\t<h2 class=\"elementor-heading-title elementor-size-default\">| Diferenciais<\/h2>\t\t\t\t<\/div>\n\t\t\t\t<\/div>\n\t\t\t\t<div class=\"elementor-element elementor-element-79bdf56 elementor-widget elementor-widget-heading\" data-id=\"79bdf56\" data-element_type=\"widget\" data-e-type=\"widget\" data-widget_type=\"heading.default\">\n\t\t\t\t<div class=\"elementor-widget-container\">\n\t\t\t\t\t<h2 class=\"elementor-heading-title elementor-size-default\">Porque sabemos que voc\u00ea busca o melhor para sua fam\u00edlia, estamos sempre inovando para superar suas expectativas. Descubra agora os diferenciais exclusivos que ir\u00e3o elevar a experi\u00eancia educacional e estrutural que voc\u00ea tanto procura!<\/h2>\t\t\t\t<\/div>\n\t\t\t\t<\/div>\n\t\t<div class=\"elementor-element elementor-element-205a601 e-grid e-con-full wpr-particle-no wpr-jarallax-no wpr-parallax-no wpr-sticky-section-no wpr-equal-height-no e-con e-child\" data-id=\"205a601\" data-element_type=\"container\" data-e-type=\"container\">\n\t\t<div class=\"elementor-element elementor-element-4a75a4e e-con-full e-transform e-flex wpr-particle-no wpr-jarallax-no wpr-parallax-no wpr-sticky-section-no wpr-equal-height-no elementor-invisible e-con e-child\" data-id=\"4a75a4e\" data-element_type=\"container\" data-e-type=\"container\" data-settings=\"{&quot;background_background&quot;:&quot;classic&quot;,&quot;animation&quot;:&quot;fadeInDown&quot;,&quot;animation_delay&quot;:300,&quot;_transform_scale_effect_hover&quot;:{&quot;unit&quot;:&quot;px&quot;,&quot;size&quot;:1.1,&quot;sizes&quot;:[]},&quot;_transform_scale_effect_hover_tablet&quot;:{&quot;unit&quot;:&quot;px&quot;,&quot;size&quot;:&quot;&quot;,&quot;sizes&quot;:[]},&quot;_transform_scale_effect_hover_mobile&quot;:{&quot;unit&quot;:&quot;px&quot;,&quot;size&quot;:&quot;&quot;,&quot;sizes&quot;:[]}}\">\n\t\t\t\t<div class=\"elementor-element elementor-element-78df5b0 elementor-position-top elementor-widget elementor-widget-image-box\" data-id=\"78df5b0\" data-element_type=\"widget\" data-e-type=\"widget\" data-widget_type=\"image-box.default\">\n\t\t\t\t<div class=\"elementor-widget-container\">\n\t\t\t\t\t<div class=\"elementor-image-box-wrapper\"><figure class=\"elementor-image-box-img\"><img fetchpriority=\"high\" decoding=\"async\" width=\"342\" height=\"230\" src=\"https:\/\/cearacruz.com.br\/portal\/wp-content\/uploads\/2025\/05\/image-4.png\" class=\"attachment-full size-full wp-image-7850\" alt=\"\" srcset=\"https:\/\/cearacruz.com.br\/portal\/wp-content\/uploads\/2025\/05\/image-4.png 342w, https:\/\/cearacruz.com.br\/portal\/wp-content\/uploads\/2025\/05\/image-4-300x202.png 300w\" sizes=\"(max-width: 342px) 100vw, 342px\" \/><\/figure><div class=\"elementor-image-box-content\"><h3 class=\"elementor-image-box-title\">Laborat\u00f3rios<\/h3><p class=\"elementor-image-box-description\">Aulas experimentais em laborat\u00f3rios de Ci\u00eancias, Qu\u00edmica e F\u00edsica.<\/p><\/div><\/div>\t\t\t\t<\/div>\n\t\t\t\t<\/div>\n\t\t\t\t<\/div>\n\t\t<div class=\"elementor-element elementor-element-d569423 e-con-full e-transform e-flex wpr-particle-no wpr-jarallax-no wpr-parallax-no wpr-sticky-section-no wpr-equal-height-no elementor-invisible e-con e-child\" data-id=\"d569423\" data-element_type=\"container\" data-e-type=\"container\" data-settings=\"{&quot;background_background&quot;:&quot;classic&quot;,&quot;animation&quot;:&quot;fadeInDown&quot;,&quot;animation_delay&quot;:600,&quot;_transform_scale_effect_hover&quot;:{&quot;unit&quot;:&quot;px&quot;,&quot;size&quot;:1.1,&quot;sizes&quot;:[]},&quot;_transform_scale_effect_hover_tablet&quot;:{&quot;unit&quot;:&quot;px&quot;,&quot;size&quot;:&quot;&quot;,&quot;sizes&quot;:[]},&quot;_transform_scale_effect_hover_mobile&quot;:{&quot;unit&quot;:&quot;px&quot;,&quot;size&quot;:&quot;&quot;,&quot;sizes&quot;:[]}}\">\n\t\t\t\t<div class=\"elementor-element elementor-element-710e9dd elementor-position-top elementor-widget elementor-widget-image-box\" data-id=\"710e9dd\" data-element_type=\"widget\" data-e-type=\"widget\" data-widget_type=\"image-box.default\">\n\t\t\t\t<div class=\"elementor-widget-container\">\n\t\t\t\t\t<div class=\"elementor-image-box-wrapper\"><figure class=\"elementor-image-box-img\"><img decoding=\"async\" width=\"342\" height=\"229\" src=\"https:\/\/cearacruz.com.br\/portal\/wp-content\/uploads\/2025\/05\/image-5.png\" class=\"attachment-full size-full wp-image-7851\" alt=\"\" srcset=\"https:\/\/cearacruz.com.br\/portal\/wp-content\/uploads\/2025\/05\/image-5.png 342w, https:\/\/cearacruz.com.br\/portal\/wp-content\/uploads\/2025\/05\/image-5-300x201.png 300w\" sizes=\"(max-width: 342px) 100vw, 342px\" \/><\/figure><div class=\"elementor-image-box-content\"><h3 class=\"elementor-image-box-title\">Incentivo a leitura<\/h3><p class=\"elementor-image-box-description\">A\u00e7\u00f5es de incentivo a leitura e escrita, da Alfabetiza\u00e7\u00e3o ao Ensino M\u00e9dio.<\/p><\/div><\/div>\t\t\t\t<\/div>\n\t\t\t\t<\/div>\n\t\t\t\t<\/div>\n\t\t<div class=\"elementor-element elementor-element-33cf551 e-con-full e-transform e-flex wpr-particle-no wpr-jarallax-no wpr-parallax-no wpr-sticky-section-no wpr-equal-height-no elementor-invisible e-con e-child\" data-id=\"33cf551\" data-element_type=\"container\" data-e-type=\"container\" data-settings=\"{&quot;background_background&quot;:&quot;classic&quot;,&quot;animation&quot;:&quot;fadeInDown&quot;,&quot;animation_delay&quot;:900,&quot;_transform_scale_effect_hover&quot;:{&quot;unit&quot;:&quot;px&quot;,&quot;size&quot;:1.1,&quot;sizes&quot;:[]},&quot;_transform_scale_effect_hover_tablet&quot;:{&quot;unit&quot;:&quot;px&quot;,&quot;size&quot;:&quot;&quot;,&quot;sizes&quot;:[]},&quot;_transform_scale_effect_hover_mobile&quot;:{&quot;unit&quot;:&quot;px&quot;,&quot;size&quot;:&quot;&quot;,&quot;sizes&quot;:[]}}\">\n\t\t\t\t<div class=\"elementor-element elementor-element-026b9ce elementor-position-top elementor-widget elementor-widget-image-box\" data-id=\"026b9ce\" data-element_type=\"widget\" data-e-type=\"widget\" data-widget_type=\"image-box.default\">\n\t\t\t\t<div class=\"elementor-widget-container\">\n\t\t\t\t\t<div class=\"elementor-image-box-wrapper\"><figure class=\"elementor-image-box-img\"><img decoding=\"async\" width=\"343\" height=\"229\" src=\"https:\/\/cearacruz.com.br\/portal\/wp-content\/uploads\/2025\/05\/image-7.png\" class=\"attachment-full size-full wp-image-7853\" alt=\"\" srcset=\"https:\/\/cearacruz.com.br\/portal\/wp-content\/uploads\/2025\/05\/image-7.png 343w, https:\/\/cearacruz.com.br\/portal\/wp-content\/uploads\/2025\/05\/image-7-300x200.png 300w\" sizes=\"(max-width: 343px) 100vw, 343px\" \/><\/figure><div class=\"elementor-image-box-content\"><h3 class=\"elementor-image-box-title\">Tecnologia e inova\u00e7\u00e3o<\/h3><p class=\"elementor-image-box-description\">Espa\u00e7o para novos conhecimentos e criando ideias.<\/p><\/div><\/div>\t\t\t\t<\/div>\n\t\t\t\t<\/div>\n\t\t\t\t<\/div>\n\t\t<div class=\"elementor-element elementor-element-635afee e-con-full e-transform e-flex wpr-particle-no wpr-jarallax-no wpr-parallax-no wpr-sticky-section-no wpr-equal-height-no elementor-invisible e-con e-child\" data-id=\"635afee\" data-element_type=\"container\" data-e-type=\"container\" data-settings=\"{&quot;background_background&quot;:&quot;classic&quot;,&quot;animation&quot;:&quot;fadeInDown&quot;,&quot;animation_delay&quot;:300,&quot;_transform_scale_effect_hover&quot;:{&quot;unit&quot;:&quot;px&quot;,&quot;size&quot;:1.1,&quot;sizes&quot;:[]},&quot;_transform_scale_effect_hover_tablet&quot;:{&quot;unit&quot;:&quot;px&quot;,&quot;size&quot;:&quot;&quot;,&quot;sizes&quot;:[]},&quot;_transform_scale_effect_hover_mobile&quot;:{&quot;unit&quot;:&quot;px&quot;,&quot;size&quot;:&quot;&quot;,&quot;sizes&quot;:[]}}\">\n\t\t\t\t<div class=\"elementor-element elementor-element-05abd34 elementor-position-top elementor-widget elementor-widget-image-box\" data-id=\"05abd34\" data-element_type=\"widget\" data-e-type=\"widget\" data-widget_type=\"image-box.default\">\n\t\t\t\t<div class=\"elementor-widget-container\">\n\t\t\t\t\t<div class=\"elementor-image-box-wrapper\"><figure class=\"elementor-image-box-img\"><img loading=\"lazy\" decoding=\"async\" width=\"342\" height=\"229\" src=\"https:\/\/cearacruz.com.br\/portal\/wp-content\/uploads\/2025\/05\/image-8.png\" class=\"attachment-full size-full wp-image-7852\" alt=\"\" srcset=\"https:\/\/cearacruz.com.br\/portal\/wp-content\/uploads\/2025\/05\/image-8.png 342w, https:\/\/cearacruz.com.br\/portal\/wp-content\/uploads\/2025\/05\/image-8-300x201.png 300w\" sizes=\"(max-width: 342px) 100vw, 342px\" \/><\/figure><div class=\"elementor-image-box-content\"><h3 class=\"elementor-image-box-title\">Aula de campo<\/h3><p class=\"elementor-image-box-description\">A escola vai al\u00e9m da sala de aula, fortalecendo um aprendizado ativo com os alunos.<\/p><\/div><\/div>\t\t\t\t<\/div>\n\t\t\t\t<\/div>\n\t\t\t\t<\/div>\n\t\t<div class=\"elementor-element elementor-element-e85e087 e-con-full e-transform e-flex wpr-particle-no wpr-jarallax-no wpr-parallax-no wpr-sticky-section-no wpr-equal-height-no elementor-invisible e-con e-child\" data-id=\"e85e087\" data-element_type=\"container\" data-e-type=\"container\" data-settings=\"{&quot;background_background&quot;:&quot;classic&quot;,&quot;animation&quot;:&quot;fadeInDown&quot;,&quot;animation_delay&quot;:600,&quot;_transform_scale_effect_hover&quot;:{&quot;unit&quot;:&quot;px&quot;,&quot;size&quot;:1.1,&quot;sizes&quot;:[]},&quot;_transform_scale_effect_hover_tablet&quot;:{&quot;unit&quot;:&quot;px&quot;,&quot;size&quot;:&quot;&quot;,&quot;sizes&quot;:[]},&quot;_transform_scale_effect_hover_mobile&quot;:{&quot;unit&quot;:&quot;px&quot;,&quot;size&quot;:&quot;&quot;,&quot;sizes&quot;:[]}}\">\n\t\t\t\t<div class=\"elementor-element elementor-element-9a0e197 elementor-position-top elementor-widget elementor-widget-image-box\" data-id=\"9a0e197\" data-element_type=\"widget\" data-e-type=\"widget\" data-widget_type=\"image-box.default\">\n\t\t\t\t<div class=\"elementor-widget-container\">\n\t\t\t\t\t<div class=\"elementor-image-box-wrapper\"><figure class=\"elementor-image-box-img\"><img decoding=\"async\" width=\"342\" height=\"229\" src=\"https:\/\/cearacruz.com.br\/portal\/wp-content\/uploads\/2025\/05\/image-5.png\" class=\"attachment-full size-full wp-image-7851\" alt=\"\" srcset=\"https:\/\/cearacruz.com.br\/portal\/wp-content\/uploads\/2025\/05\/image-5.png 342w, https:\/\/cearacruz.com.br\/portal\/wp-content\/uploads\/2025\/05\/image-5-300x201.png 300w\" sizes=\"(max-width: 342px) 100vw, 342px\" \/><\/figure><div class=\"elementor-image-box-content\"><h3 class=\"elementor-image-box-title\">Al\u00e9m da sala<\/h3><p class=\"elementor-image-box-description\">Aulas de xadrez\u00a0 que desenvolvem as habilidades de racioc\u00ednio de nossos alunos<\/p><\/div><\/div>\t\t\t\t<\/div>\n\t\t\t\t<\/div>\n\t\t\t\t<\/div>\n\t\t<div class=\"elementor-element elementor-element-3f09858 e-con-full e-transform e-flex wpr-particle-no wpr-jarallax-no wpr-parallax-no wpr-sticky-section-no wpr-equal-height-no elementor-invisible e-con e-child\" data-id=\"3f09858\" data-element_type=\"container\" data-e-type=\"container\" data-settings=\"{&quot;background_background&quot;:&quot;classic&quot;,&quot;animation&quot;:&quot;fadeInDown&quot;,&quot;animation_delay&quot;:900,&quot;_transform_scale_effect_hover&quot;:{&quot;unit&quot;:&quot;px&quot;,&quot;size&quot;:1.1,&quot;sizes&quot;:[]},&quot;_transform_scale_effect_hover_tablet&quot;:{&quot;unit&quot;:&quot;px&quot;,&quot;size&quot;:&quot;&quot;,&quot;sizes&quot;:[]},&quot;_transform_scale_effect_hover_mobile&quot;:{&quot;unit&quot;:&quot;px&quot;,&quot;size&quot;:&quot;&quot;,&quot;sizes&quot;:[]}}\">\n\t\t\t\t<div class=\"elementor-element elementor-element-87cf95b elementor-position-top elementor-widget elementor-widget-image-box\" data-id=\"87cf95b\" data-element_type=\"widget\" data-e-type=\"widget\" data-widget_type=\"image-box.default\">\n\t\t\t\t<div class=\"elementor-widget-container\">\n\t\t\t\t\t<div class=\"elementor-image-box-wrapper\"><figure class=\"elementor-image-box-img\"><img loading=\"lazy\" decoding=\"async\" width=\"343\" height=\"230\" src=\"https:\/\/cearacruz.com.br\/portal\/wp-content\/uploads\/2025\/05\/image-10.png\" class=\"attachment-full size-full wp-image-7854\" alt=\"\" srcset=\"https:\/\/cearacruz.com.br\/portal\/wp-content\/uploads\/2025\/05\/image-10.png 343w, https:\/\/cearacruz.com.br\/portal\/wp-content\/uploads\/2025\/05\/image-10-300x201.png 300w\" sizes=\"(max-width: 343px) 100vw, 343px\" \/><\/figure><div class=\"elementor-image-box-content\"><h3 class=\"elementor-image-box-title\">Participa\u00e7\u00e3o nas Olimp\u00edadas<\/h3><p class=\"elementor-image-box-description\">Canguru, OBMEP, Olimp\u00edadas de Portugu\u00eas, OBA.<\/p><\/div><\/div>\t\t\t\t<\/div>\n\t\t\t\t<\/div>\n\t\t\t\t<\/div>\n\t\t\t\t<\/div>\n\t\t\t\t\t<\/div>\n\t\t\t\t<\/div>\n\t\t\t\t<\/div>\n\t\t","protected":false},"excerpt":{"rendered":"<p>Ensino M\u00e9dio No Ensino M\u00e9dio o enfoque educacional recai sobre a forma\u00e7\u00e3o de jovens com compet\u00eancias e habilidades para enfrentar as transforma\u00e7\u00f5es e as exig\u00eancias da vida moderna e do mundo do trabalho, promovendo discuss\u00f5es sobre temas atuais. Para potencializar a aprendizagem do discente s\u00e3o utilizadas diferentes metodologias, criando oportunidades para usar diversas linguagens e estrat\u00e9gias, manifestando aquilo que aprendeu. No ensino m\u00e9dio, as pr\u00e1ticas de ensino s\u00e3o trabalhadas por compet\u00eancias e habilidades, buscando a forma\u00e7\u00e3o integral do aluno. Al\u00e9m disso os alunos do CEA s\u00e3o preparados para diversos vestibulares, ENEM e forma\u00e7\u00e3o para o mercado de trabalho, ajudando e guiando atrav\u00e9s de processos formativos com orienta\u00e7\u00e3o psicol\u00f3gica e profissional para a escolha da profiss\u00e3o. | Diferenciais Porque sabemos que voc\u00ea busca o melhor para sua fam\u00edlia, estamos sempre inovando para superar suas expectativas. Descubra agora os diferenciais exclusivos que ir\u00e3o elevar a experi\u00eancia educacional e estrutural que voc\u00ea tanto procura! Laborat\u00f3rios Aulas experimentais em laborat\u00f3rios de Ci\u00eancias, Qu\u00edmica e F\u00edsica. Incentivo a leitura A\u00e7\u00f5es de incentivo a leitura e escrita, da Alfabetiza\u00e7\u00e3o ao Ensino M\u00e9dio. Tecnologia e inova\u00e7\u00e3o Espa\u00e7o para novos conhecimentos e criando ideias. Aula de campo A escola vai al\u00e9m da sala de aula, fortalecendo um aprendizado ativo com os alunos. Al\u00e9m da sala Aulas de xadrez\u00a0 que desenvolvem as habilidades de racioc\u00ednio de nossos alunos Participa\u00e7\u00e3o nas Olimp\u00edadas Canguru, OBMEP, Olimp\u00edadas de Portugu\u00eas, OBA.<\/p>\n","protected":false},"author":1,"featured_media":0,"parent":0,"menu_order":0,"comment_status":"closed","ping_status":"closed","template":"elementor_header_footer","meta":{"om_disable_all_campaigns":false,"_exactmetrics_skip_tracking":false,"_exactmetrics_sitenote_active":false,"_exactmetrics_sitenote_note":"","_exactmetrics_sitenote_category":0,"_monsterinsights_skip_tracking":false,"_monsterinsights_sitenote_active":false,"_monsterinsights_sitenote_note":"","_monsterinsights_sitenote_category":0,"_uf_show_specific_survey":0,"_uf_disable_surveys":false,"footnotes":""},"class_list":["post-407","page","type-page","status-publish","hentry"],"aioseo_notices":[],"_links":{"self":[{"href":"https:\/\/cearacruz.com.br\/portal\/wp-json\/wp\/v2\/pages\/407","targetHints":{"allow":["GET"]}}],"collection":[{"href":"https:\/\/cearacruz.com.br\/portal\/wp-json\/wp\/v2\/pages"}],"about":[{"href":"https:\/\/cearacruz.com.br\/portal\/wp-json\/wp\/v2\/types\/page"}],"author":[{"embeddable":true,"href":"https:\/\/cearacruz.com.br\/portal\/wp-json\/wp\/v2\/users\/1"}],"replies":[{"embeddable":true,"href":"https:\/\/cearacruz.com.br\/portal\/wp-json\/wp\/v2\/comments?post=407"}],"version-history":[{"count":88,"href":"https:\/\/cearacruz.com.br\/portal\/wp-json\/wp\/v2\/pages\/407\/revisions"}],"predecessor-version":[{"id":7875,"href":"https:\/\/cearacruz.com.br\/portal\/wp-json\/wp\/v2\/pages\/407\/revisions\/7875"}],"wp:attachment":[{"href":"https:\/\/cearacruz.com.br\/portal\/wp-json\/wp\/v2\/media?parent=407"}],"curies":[{"name":"wp","href":"https:\/\/api.w.org\/{rel}","templated":true}]}}