{"id":348,"date":"2025-02-08T14:18:31","date_gmt":"2025-02-08T14:18:31","guid":{"rendered":"https:\/\/cearacruz.com.br\/?page_id=348"},"modified":"2025-06-02T17:31:39","modified_gmt":"2025-06-02T17:31:39","slug":"ensino-fundamental","status":"publish","type":"page","link":"https:\/\/cearacruz.com.br\/portal\/ensino-fundamental\/","title":{"rendered":"Ensino Fundamental"},"content":{"rendered":"\t\t<div data-elementor-type=\"wp-page\" data-elementor-id=\"348\" class=\"elementor elementor-348\" data-elementor-post-type=\"page\">\n\t\t\t\t<div class=\"elementor-element elementor-element-0124281 e-flex e-con-boxed wpr-particle-no wpr-jarallax-no wpr-parallax-no wpr-sticky-section-no wpr-equal-height-no e-con e-parent\" data-id=\"0124281\" data-element_type=\"container\" data-e-type=\"container\">\n\t\t\t\t\t<div class=\"e-con-inner\">\n\t\t\t\t<div class=\"elementor-element elementor-element-8fdfdee elementor-hidden-tablet elementor-hidden-mobile elementor-invisible elementor-widget elementor-widget-eael-adv-tabs\" data-id=\"8fdfdee\" data-element_type=\"widget\" data-e-type=\"widget\" data-settings=\"{&quot;_animation&quot;:&quot;fadeInDown&quot;}\" data-widget_type=\"eael-adv-tabs.default\">\n\t\t\t\t<div class=\"elementor-widget-container\">\n\t\t\t\t\t        <div data-scroll-on-click=\"no\" data-scroll-speed=\"300\" id=\"eael-advance-tabs-8fdfdee\" class=\"eael-advance-tabs eael-tabs-horizontal eael-tab-auto-active  active-caret-on\" data-tabid=\"8fdfdee\">\n            <div class=\"eael-tabs-nav \">\n                <ul class=\"\" role=\"tablist\">\n                                            <li id=\"ef-anos-iniciais\" class=\"active-default eael-tab-item-trigger eael-tab-nav-item\" aria-selected=\"true\" data-tab=\"1\" role=\"tab\" tabindex=\"0\" aria-controls=\"ef-anos-iniciais-tab\" aria-expanded=\"false\">\n                            \n                            \n                            \n                                                            <span class=\"eael-tab-title title-after-icon\" >E.F. Anos iniciais<\/span>                                                    <\/li>\n                                            <li id=\"ef-anos-finais\" class=\" eael-tab-item-trigger eael-tab-nav-item\" aria-selected=\"false\" data-tab=\"2\" role=\"tab\" tabindex=\"-1\" aria-controls=\"ef-anos-finais-tab\" aria-expanded=\"false\">\n                            \n                            \n                            \n                                                            <span class=\"eael-tab-title title-after-icon\" >E.F. Anos finais<\/span>                                                    <\/li>\n                    \n                                  <\/ul>\n            <\/div>\n            \n            <div class=\"eael-tabs-content\">\n\t\t        \n                    <div id=\"ef-anos-iniciais-tab\" class=\"clearfix eael-tab-content-item active-default\" data-title-link=\"ef-anos-iniciais-tab\">\n\t\t\t\t        <p><img fetchpriority=\"high\" decoding=\"async\" class=\"alignright wp-image-8039 size-full\" src=\"https:\/\/cearacruz.com.br\/portal\/wp-content\/uploads\/2025\/06\/Fundamental-I.png\" alt=\"\" width=\"348\" height=\"440\" srcset=\"https:\/\/cearacruz.com.br\/portal\/wp-content\/uploads\/2025\/06\/Fundamental-I.png 348w, https:\/\/cearacruz.com.br\/portal\/wp-content\/uploads\/2025\/06\/Fundamental-I-237x300.png 237w\" sizes=\"(max-width: 348px) 100vw, 348px\" \/><\/p><div style=\"margin-bottom: 38px;margin-top: 48px;color: #0292db;font-size: 48px;font-weight: bold;font-family: poppins\">Anos iniciais<\/div><div style=\"text-align: left;font-size: 20px;font-weight: 500;font-family: poppins\"><p>Nos anos iniciais do Ensino Fundamental, os discentes s\u00e3o preparados para as constantes mudan\u00e7as do cotidiano, sendo incentivados para o di\u00e1logo e para o desejo pela pesquisa, utilizando-se de experimenta\u00e7\u00f5es no laborat\u00f3rio de Ci\u00eancias e atividades no laborat\u00f3rio de Inform\u00e1tica, aulas na biblioteca, viagens pedag\u00f3gicas, estimulando-os a desenvolver habilidades e compet\u00eancias, compartilhando e trocando ideias num processo cont\u00ednuo de aprendizagem.<\/p><p>O CEA busca formar o aluno de forma integral, valorizando a inf\u00e2ncia, os valores familiares, sociais e respeito m\u00fatuo a vida. A crian\u00e7a \u00e9 vista como ser integral e pensante e todas as pr\u00e1ticas pedag\u00f3gicas visam seu pleno desenvolvimento.<\/p><\/div>                    <\/div>\n\t\t        \n                    <div id=\"ef-anos-finais-tab\" class=\"clearfix eael-tab-content-item \" data-title-link=\"ef-anos-finais-tab\">\n\t\t\t\t        <p><img decoding=\"async\" class=\"alignright wp-image-8040 size-full\" src=\"https:\/\/cearacruz.com.br\/portal\/wp-content\/uploads\/2025\/06\/Medio-I.png\" alt=\"\" width=\"348\" height=\"440\" srcset=\"https:\/\/cearacruz.com.br\/portal\/wp-content\/uploads\/2025\/06\/Medio-I.png 348w, https:\/\/cearacruz.com.br\/portal\/wp-content\/uploads\/2025\/06\/Medio-I-237x300.png 237w\" sizes=\"(max-width: 348px) 100vw, 348px\" \/><\/p><div style=\"margin-bottom: 38px;margin-top: 48px;color: #0292db;font-size: 48px;font-weight: bold;font-family: poppins\">Anos finais<\/div><div style=\"text-align: left;font-size: 20px;font-weight: 500;font-family: poppins\"><p>A metodologia usada nos anos finais do Ensino Fundamental propicia ao discente ser sujeito da sua a\u00e7\u00e3o com criticidade, compreendendo os procedimentos que visam favorecer a forma\u00e7\u00e3o do pensamento, a pesquisa e a promo\u00e7\u00e3o da autonomia.<\/p><p>Vale ressaltar que, em rela\u00e7\u00e3o aos anos finais do Fundamental II, 8\u00ba ano e 9\u00ba ano, o foco do processo de ensino e aprendizagem passa a ser mais voltado para o trabalho com compet\u00eancias e habilidades.<\/p><p>Nesta etapa, o aluno come\u00e7a a ser preparado para ingresso no Ensino M\u00e9dio e para participar de processos seletivos externos.<\/p><\/div>                    <\/div>\n\t\t                    <\/div>\n        <\/div>\n\t\t\t\t<\/div>\n\t\t\t\t<\/div>\n\t\t\t\t\t<\/div>\n\t\t\t\t<\/div>\n\t\t<div class=\"elementor-element elementor-element-930cac2 e-flex e-con-boxed wpr-particle-no wpr-jarallax-no wpr-parallax-no wpr-sticky-section-no wpr-equal-height-no e-con e-parent\" data-id=\"930cac2\" data-element_type=\"container\" data-e-type=\"container\">\n\t\t\t\t\t<div class=\"e-con-inner\">\n\t\t\t\t<div class=\"elementor-element elementor-element-5049373 elementor-widget elementor-widget-heading\" data-id=\"5049373\" data-element_type=\"widget\" data-e-type=\"widget\" data-widget_type=\"heading.default\">\n\t\t\t\t<div class=\"elementor-widget-container\">\n\t\t\t\t\t<h2 class=\"elementor-heading-title elementor-size-default\">| Diferenciais<\/h2>\t\t\t\t<\/div>\n\t\t\t\t<\/div>\n\t\t\t\t<div class=\"elementor-element elementor-element-3c8c9a0 elementor-widget elementor-widget-heading\" data-id=\"3c8c9a0\" data-element_type=\"widget\" data-e-type=\"widget\" data-widget_type=\"heading.default\">\n\t\t\t\t<div class=\"elementor-widget-container\">\n\t\t\t\t\t<h2 class=\"elementor-heading-title elementor-size-default\">Porque sabemos que voc\u00ea busca o melhor para sua fam\u00edlia, estamos sempre inovando para superar suas expectativas. Descubra agora os diferenciais exclusivos que ir\u00e3o elevar a experi\u00eancia educacional e estrutural que voc\u00ea tanto procura!<\/h2>\t\t\t\t<\/div>\n\t\t\t\t<\/div>\n\t\t<div class=\"elementor-element elementor-element-c5ab9e3 e-grid e-con-full wpr-particle-no wpr-jarallax-no wpr-parallax-no wpr-sticky-section-no wpr-equal-height-no e-con e-child\" data-id=\"c5ab9e3\" data-element_type=\"container\" data-e-type=\"container\">\n\t\t<div class=\"elementor-element elementor-element-f8a5c7b e-con-full e-transform e-flex wpr-particle-no wpr-jarallax-no wpr-parallax-no wpr-sticky-section-no wpr-equal-height-no elementor-invisible e-con e-child\" data-id=\"f8a5c7b\" data-element_type=\"container\" data-e-type=\"container\" data-settings=\"{&quot;background_background&quot;:&quot;classic&quot;,&quot;animation&quot;:&quot;fadeInDown&quot;,&quot;animation_delay&quot;:300,&quot;_transform_scale_effect_hover&quot;:{&quot;unit&quot;:&quot;px&quot;,&quot;size&quot;:1.1,&quot;sizes&quot;:[]},&quot;_transform_scale_effect_hover_tablet&quot;:{&quot;unit&quot;:&quot;px&quot;,&quot;size&quot;:&quot;&quot;,&quot;sizes&quot;:[]},&quot;_transform_scale_effect_hover_mobile&quot;:{&quot;unit&quot;:&quot;px&quot;,&quot;size&quot;:&quot;&quot;,&quot;sizes&quot;:[]}}\">\n\t\t\t\t<div class=\"elementor-element elementor-element-676c52b elementor-position-top elementor-widget elementor-widget-image-box\" data-id=\"676c52b\" data-element_type=\"widget\" data-e-type=\"widget\" data-widget_type=\"image-box.default\">\n\t\t\t\t<div class=\"elementor-widget-container\">\n\t\t\t\t\t<div class=\"elementor-image-box-wrapper\"><figure class=\"elementor-image-box-img\"><img decoding=\"async\" width=\"342\" height=\"230\" src=\"https:\/\/cearacruz.com.br\/portal\/wp-content\/uploads\/2025\/05\/image-4.png\" class=\"attachment-full size-full wp-image-7850\" alt=\"\" srcset=\"https:\/\/cearacruz.com.br\/portal\/wp-content\/uploads\/2025\/05\/image-4.png 342w, https:\/\/cearacruz.com.br\/portal\/wp-content\/uploads\/2025\/05\/image-4-300x202.png 300w\" sizes=\"(max-width: 342px) 100vw, 342px\" \/><\/figure><div class=\"elementor-image-box-content\"><h3 class=\"elementor-image-box-title\">Laborat\u00f3rios<\/h3><p class=\"elementor-image-box-description\">Aulas experimentais em laborat\u00f3rios de Ci\u00eancias, Qu\u00edmica e F\u00edsica.<\/p><\/div><\/div>\t\t\t\t<\/div>\n\t\t\t\t<\/div>\n\t\t\t\t<\/div>\n\t\t<div class=\"elementor-element elementor-element-73019bd e-con-full e-transform e-flex wpr-particle-no wpr-jarallax-no wpr-parallax-no wpr-sticky-section-no wpr-equal-height-no elementor-invisible e-con e-child\" data-id=\"73019bd\" data-element_type=\"container\" data-e-type=\"container\" data-settings=\"{&quot;background_background&quot;:&quot;classic&quot;,&quot;animation&quot;:&quot;fadeInDown&quot;,&quot;animation_delay&quot;:600,&quot;_transform_scale_effect_hover&quot;:{&quot;unit&quot;:&quot;px&quot;,&quot;size&quot;:1.1,&quot;sizes&quot;:[]},&quot;_transform_scale_effect_hover_tablet&quot;:{&quot;unit&quot;:&quot;px&quot;,&quot;size&quot;:&quot;&quot;,&quot;sizes&quot;:[]},&quot;_transform_scale_effect_hover_mobile&quot;:{&quot;unit&quot;:&quot;px&quot;,&quot;size&quot;:&quot;&quot;,&quot;sizes&quot;:[]}}\">\n\t\t\t\t<div class=\"elementor-element elementor-element-b65cb54 elementor-position-top elementor-widget elementor-widget-image-box\" data-id=\"b65cb54\" data-element_type=\"widget\" data-e-type=\"widget\" data-widget_type=\"image-box.default\">\n\t\t\t\t<div class=\"elementor-widget-container\">\n\t\t\t\t\t<div class=\"elementor-image-box-wrapper\"><figure class=\"elementor-image-box-img\"><img loading=\"lazy\" decoding=\"async\" width=\"342\" height=\"229\" src=\"https:\/\/cearacruz.com.br\/portal\/wp-content\/uploads\/2025\/05\/image-5.png\" class=\"attachment-full size-full wp-image-7851\" alt=\"\" srcset=\"https:\/\/cearacruz.com.br\/portal\/wp-content\/uploads\/2025\/05\/image-5.png 342w, https:\/\/cearacruz.com.br\/portal\/wp-content\/uploads\/2025\/05\/image-5-300x201.png 300w\" sizes=\"(max-width: 342px) 100vw, 342px\" \/><\/figure><div class=\"elementor-image-box-content\"><h3 class=\"elementor-image-box-title\">Incentivo a leitura<\/h3><p class=\"elementor-image-box-description\">A\u00e7\u00f5es de incentivo a leitura e escrita, da Alfabetiza\u00e7\u00e3o ao Ensino M\u00e9dio.<\/p><\/div><\/div>\t\t\t\t<\/div>\n\t\t\t\t<\/div>\n\t\t\t\t<\/div>\n\t\t<div class=\"elementor-element elementor-element-d7e9aa2 e-con-full e-transform e-flex wpr-particle-no wpr-jarallax-no wpr-parallax-no wpr-sticky-section-no wpr-equal-height-no elementor-invisible e-con e-child\" data-id=\"d7e9aa2\" data-element_type=\"container\" data-e-type=\"container\" data-settings=\"{&quot;background_background&quot;:&quot;classic&quot;,&quot;animation&quot;:&quot;fadeInDown&quot;,&quot;animation_delay&quot;:900,&quot;_transform_scale_effect_hover&quot;:{&quot;unit&quot;:&quot;px&quot;,&quot;size&quot;:1.1,&quot;sizes&quot;:[]},&quot;_transform_scale_effect_hover_tablet&quot;:{&quot;unit&quot;:&quot;px&quot;,&quot;size&quot;:&quot;&quot;,&quot;sizes&quot;:[]},&quot;_transform_scale_effect_hover_mobile&quot;:{&quot;unit&quot;:&quot;px&quot;,&quot;size&quot;:&quot;&quot;,&quot;sizes&quot;:[]}}\">\n\t\t\t\t<div class=\"elementor-element elementor-element-d45fe96 elementor-position-top elementor-widget elementor-widget-image-box\" data-id=\"d45fe96\" data-element_type=\"widget\" data-e-type=\"widget\" data-widget_type=\"image-box.default\">\n\t\t\t\t<div class=\"elementor-widget-container\">\n\t\t\t\t\t<div class=\"elementor-image-box-wrapper\"><figure class=\"elementor-image-box-img\"><img loading=\"lazy\" decoding=\"async\" width=\"343\" height=\"229\" src=\"https:\/\/cearacruz.com.br\/portal\/wp-content\/uploads\/2025\/05\/image-7.png\" class=\"attachment-full size-full wp-image-7853\" alt=\"\" srcset=\"https:\/\/cearacruz.com.br\/portal\/wp-content\/uploads\/2025\/05\/image-7.png 343w, https:\/\/cearacruz.com.br\/portal\/wp-content\/uploads\/2025\/05\/image-7-300x200.png 300w\" sizes=\"(max-width: 343px) 100vw, 343px\" \/><\/figure><div class=\"elementor-image-box-content\"><h3 class=\"elementor-image-box-title\">Tecnologia e inova\u00e7\u00e3o<\/h3><p class=\"elementor-image-box-description\">Espa\u00e7o para novos conhecimentos e criando ideias.<\/p><\/div><\/div>\t\t\t\t<\/div>\n\t\t\t\t<\/div>\n\t\t\t\t<\/div>\n\t\t<div class=\"elementor-element elementor-element-bb1ff77 e-con-full e-transform e-flex wpr-particle-no wpr-jarallax-no wpr-parallax-no wpr-sticky-section-no wpr-equal-height-no elementor-invisible e-con e-child\" data-id=\"bb1ff77\" data-element_type=\"container\" data-e-type=\"container\" data-settings=\"{&quot;background_background&quot;:&quot;classic&quot;,&quot;animation&quot;:&quot;fadeInDown&quot;,&quot;animation_delay&quot;:300,&quot;_transform_scale_effect_hover&quot;:{&quot;unit&quot;:&quot;px&quot;,&quot;size&quot;:1.1,&quot;sizes&quot;:[]},&quot;_transform_scale_effect_hover_tablet&quot;:{&quot;unit&quot;:&quot;px&quot;,&quot;size&quot;:&quot;&quot;,&quot;sizes&quot;:[]},&quot;_transform_scale_effect_hover_mobile&quot;:{&quot;unit&quot;:&quot;px&quot;,&quot;size&quot;:&quot;&quot;,&quot;sizes&quot;:[]}}\">\n\t\t\t\t<div class=\"elementor-element elementor-element-c2f0815 elementor-position-top elementor-widget elementor-widget-image-box\" data-id=\"c2f0815\" data-element_type=\"widget\" data-e-type=\"widget\" data-widget_type=\"image-box.default\">\n\t\t\t\t<div class=\"elementor-widget-container\">\n\t\t\t\t\t<div class=\"elementor-image-box-wrapper\"><figure class=\"elementor-image-box-img\"><img loading=\"lazy\" decoding=\"async\" width=\"342\" height=\"229\" src=\"https:\/\/cearacruz.com.br\/portal\/wp-content\/uploads\/2025\/05\/image-8.png\" class=\"attachment-full size-full wp-image-7852\" alt=\"\" srcset=\"https:\/\/cearacruz.com.br\/portal\/wp-content\/uploads\/2025\/05\/image-8.png 342w, https:\/\/cearacruz.com.br\/portal\/wp-content\/uploads\/2025\/05\/image-8-300x201.png 300w\" sizes=\"(max-width: 342px) 100vw, 342px\" \/><\/figure><div class=\"elementor-image-box-content\"><h3 class=\"elementor-image-box-title\">Aula de campo<\/h3><p class=\"elementor-image-box-description\">A escola vai al\u00e9m da sala de aula, fortalecendo um aprendizado ativo com os alunos.<\/p><\/div><\/div>\t\t\t\t<\/div>\n\t\t\t\t<\/div>\n\t\t\t\t<\/div>\n\t\t<div class=\"elementor-element elementor-element-30d7fc9 e-con-full e-transform e-flex wpr-particle-no wpr-jarallax-no wpr-parallax-no wpr-sticky-section-no wpr-equal-height-no elementor-invisible e-con e-child\" data-id=\"30d7fc9\" data-element_type=\"container\" data-e-type=\"container\" data-settings=\"{&quot;background_background&quot;:&quot;classic&quot;,&quot;animation&quot;:&quot;fadeInDown&quot;,&quot;animation_delay&quot;:600,&quot;_transform_scale_effect_hover&quot;:{&quot;unit&quot;:&quot;px&quot;,&quot;size&quot;:1.1,&quot;sizes&quot;:[]},&quot;_transform_scale_effect_hover_tablet&quot;:{&quot;unit&quot;:&quot;px&quot;,&quot;size&quot;:&quot;&quot;,&quot;sizes&quot;:[]},&quot;_transform_scale_effect_hover_mobile&quot;:{&quot;unit&quot;:&quot;px&quot;,&quot;size&quot;:&quot;&quot;,&quot;sizes&quot;:[]}}\">\n\t\t\t\t<div class=\"elementor-element elementor-element-dc91905 elementor-position-top elementor-widget elementor-widget-image-box\" data-id=\"dc91905\" data-element_type=\"widget\" data-e-type=\"widget\" data-widget_type=\"image-box.default\">\n\t\t\t\t<div class=\"elementor-widget-container\">\n\t\t\t\t\t<div class=\"elementor-image-box-wrapper\"><figure class=\"elementor-image-box-img\"><img loading=\"lazy\" decoding=\"async\" width=\"342\" height=\"229\" src=\"https:\/\/cearacruz.com.br\/portal\/wp-content\/uploads\/2025\/05\/image-5.png\" class=\"attachment-full size-full wp-image-7851\" alt=\"\" srcset=\"https:\/\/cearacruz.com.br\/portal\/wp-content\/uploads\/2025\/05\/image-5.png 342w, https:\/\/cearacruz.com.br\/portal\/wp-content\/uploads\/2025\/05\/image-5-300x201.png 300w\" sizes=\"(max-width: 342px) 100vw, 342px\" \/><\/figure><div class=\"elementor-image-box-content\"><h3 class=\"elementor-image-box-title\">Al\u00e9m da sala<\/h3><p class=\"elementor-image-box-description\">Aulas de xadrez\u00a0 que desenvolvem as habilidades de racioc\u00ednio de nossos alunos<\/p><\/div><\/div>\t\t\t\t<\/div>\n\t\t\t\t<\/div>\n\t\t\t\t<\/div>\n\t\t<div class=\"elementor-element elementor-element-98ebbce e-con-full e-transform e-flex wpr-particle-no wpr-jarallax-no wpr-parallax-no wpr-sticky-section-no wpr-equal-height-no elementor-invisible e-con e-child\" data-id=\"98ebbce\" data-element_type=\"container\" data-e-type=\"container\" data-settings=\"{&quot;background_background&quot;:&quot;classic&quot;,&quot;animation&quot;:&quot;fadeInDown&quot;,&quot;animation_delay&quot;:900,&quot;_transform_scale_effect_hover&quot;:{&quot;unit&quot;:&quot;px&quot;,&quot;size&quot;:1.1,&quot;sizes&quot;:[]},&quot;_transform_scale_effect_hover_tablet&quot;:{&quot;unit&quot;:&quot;px&quot;,&quot;size&quot;:&quot;&quot;,&quot;sizes&quot;:[]},&quot;_transform_scale_effect_hover_mobile&quot;:{&quot;unit&quot;:&quot;px&quot;,&quot;size&quot;:&quot;&quot;,&quot;sizes&quot;:[]}}\">\n\t\t\t\t<div class=\"elementor-element elementor-element-60c3a04 elementor-position-top elementor-widget elementor-widget-image-box\" data-id=\"60c3a04\" data-element_type=\"widget\" data-e-type=\"widget\" data-widget_type=\"image-box.default\">\n\t\t\t\t<div class=\"elementor-widget-container\">\n\t\t\t\t\t<div class=\"elementor-image-box-wrapper\"><figure class=\"elementor-image-box-img\"><img loading=\"lazy\" decoding=\"async\" width=\"343\" height=\"230\" src=\"https:\/\/cearacruz.com.br\/portal\/wp-content\/uploads\/2025\/05\/image-10.png\" class=\"attachment-full size-full wp-image-7854\" alt=\"\" srcset=\"https:\/\/cearacruz.com.br\/portal\/wp-content\/uploads\/2025\/05\/image-10.png 343w, https:\/\/cearacruz.com.br\/portal\/wp-content\/uploads\/2025\/05\/image-10-300x201.png 300w\" sizes=\"(max-width: 343px) 100vw, 343px\" \/><\/figure><div class=\"elementor-image-box-content\"><h3 class=\"elementor-image-box-title\">Participa\u00e7\u00e3o nas Olimp\u00edadas<\/h3><p class=\"elementor-image-box-description\">Canguru, OBMEP, Olimp\u00edadas de Portugu\u00eas, OBA.<\/p><\/div><\/div>\t\t\t\t<\/div>\n\t\t\t\t<\/div>\n\t\t\t\t<\/div>\n\t\t\t\t<\/div>\n\t\t\t\t\t<\/div>\n\t\t\t\t<\/div>\n\t\t\t\t<\/div>\n\t\t","protected":false},"excerpt":{"rendered":"<p>E.F. Anos iniciais E.F. Anos finais Anos iniciais Nos anos iniciais do Ensino Fundamental, os discentes s\u00e3o preparados para as constantes mudan\u00e7as do cotidiano, sendo incentivados para o di\u00e1logo e para o desejo pela pesquisa, utilizando-se de experimenta\u00e7\u00f5es no laborat\u00f3rio de Ci\u00eancias e atividades no laborat\u00f3rio de Inform\u00e1tica, aulas na biblioteca, viagens pedag\u00f3gicas, estimulando-os a desenvolver habilidades e compet\u00eancias, compartilhando e trocando ideias num processo cont\u00ednuo de aprendizagem. O CEA busca formar o aluno de forma integral, valorizando a inf\u00e2ncia, os valores familiares, sociais e respeito m\u00fatuo a vida. A crian\u00e7a \u00e9 vista como ser integral e pensante e todas as pr\u00e1ticas pedag\u00f3gicas visam seu pleno desenvolvimento. Anos finais A metodologia usada nos anos finais do Ensino Fundamental propicia ao discente ser sujeito da sua a\u00e7\u00e3o com criticidade, compreendendo os procedimentos que visam favorecer a forma\u00e7\u00e3o do pensamento, a pesquisa e a promo\u00e7\u00e3o da autonomia. Vale ressaltar que, em rela\u00e7\u00e3o aos anos finais do Fundamental II, 8\u00ba ano e 9\u00ba ano, o foco do processo de ensino e aprendizagem passa a ser mais voltado para o trabalho com compet\u00eancias e habilidades. Nesta etapa, o aluno come\u00e7a a ser preparado para ingresso no Ensino M\u00e9dio e para participar de processos seletivos externos. | Diferenciais Porque sabemos que voc\u00ea busca o melhor para sua fam\u00edlia, estamos sempre inovando para superar suas expectativas. Descubra agora os diferenciais exclusivos que ir\u00e3o elevar a experi\u00eancia educacional e estrutural que voc\u00ea tanto procura! Laborat\u00f3rios Aulas experimentais em laborat\u00f3rios de Ci\u00eancias, Qu\u00edmica e F\u00edsica. Incentivo a leitura A\u00e7\u00f5es de incentivo a leitura e escrita, da Alfabetiza\u00e7\u00e3o ao Ensino M\u00e9dio. Tecnologia e inova\u00e7\u00e3o Espa\u00e7o para novos conhecimentos e criando ideias. Aula de campo A escola vai al\u00e9m da sala de aula, fortalecendo um aprendizado ativo com os alunos. Al\u00e9m da sala Aulas de xadrez\u00a0 que desenvolvem as habilidades de racioc\u00ednio de nossos alunos Participa\u00e7\u00e3o nas Olimp\u00edadas Canguru, OBMEP, Olimp\u00edadas de Portugu\u00eas, OBA.<\/p>\n","protected":false},"author":1,"featured_media":0,"parent":0,"menu_order":0,"comment_status":"closed","ping_status":"closed","template":"elementor_header_footer","meta":{"om_disable_all_campaigns":false,"_exactmetrics_skip_tracking":false,"_exactmetrics_sitenote_active":false,"_exactmetrics_sitenote_note":"","_exactmetrics_sitenote_category":0,"_monsterinsights_skip_tracking":false,"_monsterinsights_sitenote_active":false,"_monsterinsights_sitenote_note":"","_monsterinsights_sitenote_category":0,"_uf_show_specific_survey":0,"_uf_disable_surveys":false,"footnotes":""},"class_list":["post-348","page","type-page","status-publish","hentry"],"aioseo_notices":[],"_links":{"self":[{"href":"https:\/\/cearacruz.com.br\/portal\/wp-json\/wp\/v2\/pages\/348","targetHints":{"allow":["GET"]}}],"collection":[{"href":"https:\/\/cearacruz.com.br\/portal\/wp-json\/wp\/v2\/pages"}],"about":[{"href":"https:\/\/cearacruz.com.br\/portal\/wp-json\/wp\/v2\/types\/page"}],"author":[{"embeddable":true,"href":"https:\/\/cearacruz.com.br\/portal\/wp-json\/wp\/v2\/users\/1"}],"replies":[{"embeddable":true,"href":"https:\/\/cearacruz.com.br\/portal\/wp-json\/wp\/v2\/comments?post=348"}],"version-history":[{"count":67,"href":"https:\/\/cearacruz.com.br\/portal\/wp-json\/wp\/v2\/pages\/348\/revisions"}],"predecessor-version":[{"id":8047,"href":"https:\/\/cearacruz.com.br\/portal\/wp-json\/wp\/v2\/pages\/348\/revisions\/8047"}],"wp:attachment":[{"href":"https:\/\/cearacruz.com.br\/portal\/wp-json\/wp\/v2\/media?parent=348"}],"curies":[{"name":"wp","href":"https:\/\/api.w.org\/{rel}","templated":true}]}}