{"id":258,"date":"2025-02-07T19:22:01","date_gmt":"2025-02-07T19:22:01","guid":{"rendered":"https:\/\/cearacruz.com.br\/?page_id=258"},"modified":"2025-02-10T13:31:40","modified_gmt":"2025-02-10T13:31:40","slug":"avaliacao","status":"publish","type":"page","link":"https:\/\/cearacruz.com.br\/portal\/avaliacao\/","title":{"rendered":"Avalia\u00e7\u00e3o"},"content":{"rendered":"\t\t<div data-elementor-type=\"wp-page\" data-elementor-id=\"258\" class=\"elementor elementor-258\" data-elementor-post-type=\"page\">\n\t\t\t\t<div class=\"elementor-element elementor-element-23773b5 e-flex e-con-boxed wpr-particle-no wpr-jarallax-no wpr-parallax-no wpr-sticky-section-no wpr-equal-height-no e-con e-parent\" data-id=\"23773b5\" data-element_type=\"container\" data-e-type=\"container\">\n\t\t\t\t\t<div class=\"e-con-inner\">\n\t\t<div class=\"elementor-element elementor-element-3a5f6a9 e-con-full e-flex wpr-particle-no wpr-jarallax-no wpr-parallax-no wpr-sticky-section-no wpr-equal-height-no e-con e-child\" data-id=\"3a5f6a9\" data-element_type=\"container\" data-e-type=\"container\" data-settings=\"{&quot;background_background&quot;:&quot;classic&quot;}\">\n\t\t<div class=\"elementor-element elementor-element-9d11df0 e-con-full e-flex wpr-particle-no wpr-jarallax-no wpr-parallax-no wpr-sticky-section-no wpr-equal-height-no e-con e-child\" data-id=\"9d11df0\" data-element_type=\"container\" data-e-type=\"container\">\n\t\t<div class=\"elementor-element elementor-element-b86e603 e-con-full elementor-hidden-mobile e-flex wpr-particle-no wpr-jarallax-no wpr-parallax-no wpr-sticky-section-no wpr-equal-height-no e-con e-child\" data-id=\"b86e603\" data-element_type=\"container\" data-e-type=\"container\" data-settings=\"{&quot;background_background&quot;:&quot;classic&quot;}\">\n\t\t\t\t<div class=\"elementor-element elementor-element-2811dc1 elementor-widget elementor-widget-spacer\" data-id=\"2811dc1\" data-element_type=\"widget\" data-e-type=\"widget\" data-widget_type=\"spacer.default\">\n\t\t\t\t<div class=\"elementor-widget-container\">\n\t\t\t\t\t\t\t<div class=\"elementor-spacer\">\n\t\t\t<div class=\"elementor-spacer-inner\"><\/div>\n\t\t<\/div>\n\t\t\t\t\t\t<\/div>\n\t\t\t\t<\/div>\n\t\t\t\t<\/div>\n\t\t<div class=\"elementor-element elementor-element-b9a3bc5 e-con-full e-flex wpr-particle-no wpr-jarallax-no wpr-parallax-no wpr-sticky-section-no wpr-equal-height-no e-con e-child\" data-id=\"b9a3bc5\" data-element_type=\"container\" data-e-type=\"container\">\n\t\t\t\t<div class=\"elementor-element elementor-element-369d894 elementor-invisible elementor-widget elementor-widget-heading\" data-id=\"369d894\" data-element_type=\"widget\" data-e-type=\"widget\" data-settings=\"{&quot;_animation&quot;:&quot;fadeInDown&quot;}\" data-widget_type=\"heading.default\">\n\t\t\t\t<div class=\"elementor-widget-container\">\n\t\t\t\t\t<h2 class=\"elementor-heading-title elementor-size-default\">Sistema de Avalia\u00e7\u00e3o<\/h2>\t\t\t\t<\/div>\n\t\t\t\t<\/div>\n\t\t\t\t<\/div>\n\t\t\t\t<\/div>\n\t\t<div class=\"elementor-element elementor-element-6a17c9c e-con-full e-flex wpr-particle-no wpr-jarallax-no wpr-parallax-no wpr-sticky-section-no wpr-equal-height-no elementor-invisible e-con e-child\" data-id=\"6a17c9c\" data-element_type=\"container\" data-e-type=\"container\" data-settings=\"{&quot;animation&quot;:&quot;fadeInLeft&quot;}\">\n\t\t\t\t<div class=\"elementor-element elementor-element-d1b7094 elementor-widget elementor-widget-text-editor\" data-id=\"d1b7094\" data-element_type=\"widget\" data-e-type=\"widget\" data-widget_type=\"text-editor.default\">\n\t\t\t\t<div class=\"elementor-widget-container\">\n\t\t\t\t\t\t\t\t\t<p>A avalia\u00e7\u00e3o realizar-se-\u00e1 de acordo com o que disp\u00f5e o Regimento Escolar:<\/p>\t\t\t\t\t\t\t\t<\/div>\n\t\t\t\t<\/div>\n\t\t\t\t<div class=\"elementor-element elementor-element-8093fbb elementor-widget elementor-widget-text-editor\" data-id=\"8093fbb\" data-element_type=\"widget\" data-e-type=\"widget\" data-widget_type=\"text-editor.default\">\n\t\t\t\t<div class=\"elementor-widget-container\">\n\t\t\t\t\t\t\t\t\t<ul><li><span style=\"white-space-collapse: preserve;\">A avalia\u00e7\u00e3o nos dois primeiros anos do Ensino Fundamental ser\u00e1 realizada de forma processual, participativa, formativa, cumulativa e diagn\u00f3stica, prevalecendo os aspectos qualitativos sobre os quantitativos, com registro em instrumentos pr\u00f3prios para acompanhamento e reflex\u00e3o sobre o processo de ensino e aprendizagem;<\/span><\/li><li><span style=\"white-space-collapse: preserve;\">O ano letivo ser\u00e1 dividido em 3 (tr\u00eas) per\u00edodos denominados trimestres;<\/span><\/li><li><span style=\"white-space-collapse: preserve;\">O processo de avalia\u00e7\u00e3o dar-se-\u00e1 de forma cont\u00ednua, cumulativa;<\/span><\/li><li><span style=\"white-space-collapse: preserve;\">De acordo com as caracter\u00edsticas de cada disciplina, a avalia\u00e7\u00e3o constar\u00e1 de trabalhos, pesquisas, exerc\u00edcios, estudos em grupos, organiza\u00e7\u00f5es, provas e outros;<\/span><\/li><li><span style=\"white-space-collapse: preserve;\">Em cada trimestre ser\u00e3o aplicadas 2 (duas) avalia\u00e7\u00f5es, uma pr\u00e1tica educativa versando parte da mat\u00e9ria lecionada e outra avalia\u00e7\u00e3o geral no final do trimestre;<\/span><\/li><li><span style=\"white-space-collapse: preserve;\">As provas gerais ocorrer\u00e3o em datas estabelecidas em calend\u00e1rio pr\u00f3prio, previamente entregue ao aluno;<\/span><\/li><li><span style=\"white-space-collapse: preserve;\">A falta \u00e0s avalia\u00e7\u00f5es somente poder\u00e1 ocorrer em caso de extrema necessidade e dever\u00e1 ser comunicada pelo respons\u00e1vel, para que seja marcada uma nova oportunidade.<\/span><\/li><\/ul>\t\t\t\t\t\t\t\t<\/div>\n\t\t\t\t<\/div>\n\t\t\t\t<\/div>\n\t\t\t\t<\/div>\n\t\t<div class=\"elementor-element elementor-element-3f29931 e-con-full e-flex wpr-particle-no wpr-jarallax-no wpr-parallax-no wpr-sticky-section-no wpr-equal-height-no e-con e-child\" data-id=\"3f29931\" data-element_type=\"container\" data-e-type=\"container\">\n\t\t\t\t<div class=\"elementor-element elementor-element-0941eb9 elementor-invisible elementor-widget elementor-widget-text-editor\" data-id=\"0941eb9\" data-element_type=\"widget\" data-e-type=\"widget\" data-settings=\"{&quot;_animation&quot;:&quot;fadeInLeft&quot;}\" data-widget_type=\"text-editor.default\">\n\t\t\t\t<div class=\"elementor-widget-container\">\n\t\t\t\t\t\t\t\t\t<p>Os pontos ser\u00e3o distribu\u00eddos na escala de 0,0 a 100,0 com os seguintes pesos:<\/p>\t\t\t\t\t\t\t\t<\/div>\n\t\t\t\t<\/div>\n\t\t\t\t<div class=\"elementor-element elementor-element-a7c4a7b elementor-invisible elementor-widget elementor-widget-image\" data-id=\"a7c4a7b\" data-element_type=\"widget\" data-e-type=\"widget\" data-settings=\"{&quot;_animation&quot;:&quot;fadeInRight&quot;}\" data-widget_type=\"image.default\">\n\t\t\t\t<div class=\"elementor-widget-container\">\n\t\t\t\t\t\t\t\t\t\t\t\t\t\t\t<img fetchpriority=\"high\" decoding=\"async\" width=\"768\" height=\"526\" src=\"https:\/\/cearacruz.com.br\/portal\/wp-content\/uploads\/2025\/02\/image-11.png\" class=\"attachment-large size-large wp-image-280\" alt=\"\" srcset=\"https:\/\/cearacruz.com.br\/portal\/wp-content\/uploads\/2025\/02\/image-11.png 768w, https:\/\/cearacruz.com.br\/portal\/wp-content\/uploads\/2025\/02\/image-11-300x205.png 300w\" sizes=\"(max-width: 768px) 100vw, 768px\" \/>\t\t\t\t\t\t\t\t\t\t\t\t\t\t\t<\/div>\n\t\t\t\t<\/div>\n\t\t\t\t<div class=\"elementor-element elementor-element-f6b7ec2 elementor-invisible elementor-widget elementor-widget-text-editor\" data-id=\"f6b7ec2\" data-element_type=\"widget\" data-e-type=\"widget\" data-settings=\"{&quot;_animation&quot;:&quot;fadeInUp&quot;}\" data-widget_type=\"text-editor.default\">\n\t\t\t\t<div class=\"elementor-widget-container\">\n\t\t\t\t\t\t\t\t\t<ul><li><span style=\"white-space-collapse: preserve; background-color: transparent; color: var( --e-global-color-text ); text-align: var(--text-align);\">Ao final do 1\u00ba e 2\u00ba trimestres ser\u00e1 oferecida recupera\u00e7\u00e3o Parcial ao aluno que n\u00e3o atingir 60% da nota de cada trimestre;<\/span><\/li><li><span style=\"white-space-collapse: preserve; background-color: transparent; color: var( --e-global-color-text ); text-align: var(--text-align);\">A Recupera\u00e7\u00e3o referente ao 1\u00ba e 2\u00ba trimestres valer\u00e1 21,0 pontos e 28,0 pontos no 3\u00ba trimestre, respectivamente, e substituir\u00e1 a nota alcan\u00e7ada no trimestre. Se o resultado for inferior \u00e0 nota alcan\u00e7ada pelo aluno no trimestre, prevalecer\u00e1 a nota maior;<br \/><\/span><\/li><li><span style=\"white-space-collapse: preserve; background-color: transparent; color: var( --e-global-color-text ); text-align: var(--text-align);\">Ap\u00f3s a soma das notas do 1\u00ba, 2\u00ba e 3\u00ba trimestres, o aluno que n\u00e3o alcan\u00e7ar 60,0 pontos far\u00e1 Recupera\u00e7\u00e3o Final que valer\u00e1 100,0 pontos;<br \/><\/span><\/li><li><span style=\"white-space-collapse: preserve; background-color: transparent; color: var( --e-global-color-text ); text-align: var(--text-align);\">Ser\u00e1 considerado promovido ao ano\/s\u00e9rie seguinte, o aluno que ao final do ano letivo tiver obtido: O m\u00ednimo de 60,0 pontos em cada disciplina ou na recupera\u00e7\u00e3o final a que estiver sujeito. A frequ\u00eancia m\u00ednima de 75% (setenta e cinco por cento) do total de aulas e atividades do ano\/s\u00e9rie.<\/span><\/li><\/ul>\t\t\t\t\t\t\t\t<\/div>\n\t\t\t\t<\/div>\n\t\t\t\t<\/div>\n\t\t\t\t\t<\/div>\n\t\t\t\t<\/div>\n\t\t\t\t<\/div>\n\t\t","protected":false},"excerpt":{"rendered":"<p>Sistema de Avalia\u00e7\u00e3o A avalia\u00e7\u00e3o realizar-se-\u00e1 de acordo com o que disp\u00f5e o Regimento Escolar: A avalia\u00e7\u00e3o nos dois primeiros anos do Ensino Fundamental ser\u00e1 realizada de forma processual, participativa, formativa, cumulativa e diagn\u00f3stica, prevalecendo os aspectos qualitativos sobre os quantitativos, com registro em instrumentos pr\u00f3prios para acompanhamento e reflex\u00e3o sobre o processo de ensino e aprendizagem; O ano letivo ser\u00e1 dividido em 3 (tr\u00eas) per\u00edodos denominados trimestres; O processo de avalia\u00e7\u00e3o dar-se-\u00e1 de forma cont\u00ednua, cumulativa; De acordo com as caracter\u00edsticas de cada disciplina, a avalia\u00e7\u00e3o constar\u00e1 de trabalhos, pesquisas, exerc\u00edcios, estudos em grupos, organiza\u00e7\u00f5es, provas e outros; Em cada trimestre ser\u00e3o aplicadas 2 (duas) avalia\u00e7\u00f5es, uma pr\u00e1tica educativa versando parte da mat\u00e9ria lecionada e outra avalia\u00e7\u00e3o geral no final do trimestre; As provas gerais ocorrer\u00e3o em datas estabelecidas em calend\u00e1rio pr\u00f3prio, previamente entregue ao aluno; A falta \u00e0s avalia\u00e7\u00f5es somente poder\u00e1 ocorrer em caso de extrema necessidade e dever\u00e1 ser comunicada pelo respons\u00e1vel, para que seja marcada uma nova oportunidade. Os pontos ser\u00e3o distribu\u00eddos na escala de 0,0 a 100,0 com os seguintes pesos: Ao final do 1\u00ba e 2\u00ba trimestres ser\u00e1 oferecida recupera\u00e7\u00e3o Parcial ao aluno que n\u00e3o atingir 60% da nota de cada trimestre; A Recupera\u00e7\u00e3o referente ao 1\u00ba e 2\u00ba trimestres valer\u00e1 21,0 pontos e 28,0 pontos no 3\u00ba trimestre, respectivamente, e substituir\u00e1 a nota alcan\u00e7ada no trimestre. Se o resultado for inferior \u00e0 nota alcan\u00e7ada pelo aluno no trimestre, prevalecer\u00e1 a nota maior; Ap\u00f3s a soma das notas do 1\u00ba, 2\u00ba e 3\u00ba trimestres, o aluno que n\u00e3o alcan\u00e7ar 60,0 pontos far\u00e1 Recupera\u00e7\u00e3o Final que valer\u00e1 100,0 pontos; Ser\u00e1 considerado promovido ao ano\/s\u00e9rie seguinte, o aluno que ao final do ano letivo tiver obtido: O m\u00ednimo de 60,0 pontos em cada disciplina ou na recupera\u00e7\u00e3o final a que estiver sujeito. A frequ\u00eancia m\u00ednima de 75% (setenta e cinco por cento) do total de aulas e atividades do ano\/s\u00e9rie.<\/p>\n","protected":false},"author":1,"featured_media":0,"parent":0,"menu_order":0,"comment_status":"closed","ping_status":"closed","template":"elementor_header_footer","meta":{"om_disable_all_campaigns":false,"_exactmetrics_skip_tracking":false,"_exactmetrics_sitenote_active":false,"_exactmetrics_sitenote_note":"","_exactmetrics_sitenote_category":0,"_monsterinsights_skip_tracking":false,"_monsterinsights_sitenote_active":false,"_monsterinsights_sitenote_note":"","_monsterinsights_sitenote_category":0,"_uf_show_specific_survey":0,"_uf_disable_surveys":false,"footnotes":""},"class_list":["post-258","page","type-page","status-publish","hentry"],"aioseo_notices":[],"_links":{"self":[{"href":"https:\/\/cearacruz.com.br\/portal\/wp-json\/wp\/v2\/pages\/258","targetHints":{"allow":["GET"]}}],"collection":[{"href":"https:\/\/cearacruz.com.br\/portal\/wp-json\/wp\/v2\/pages"}],"about":[{"href":"https:\/\/cearacruz.com.br\/portal\/wp-json\/wp\/v2\/types\/page"}],"author":[{"embeddable":true,"href":"https:\/\/cearacruz.com.br\/portal\/wp-json\/wp\/v2\/users\/1"}],"replies":[{"embeddable":true,"href":"https:\/\/cearacruz.com.br\/portal\/wp-json\/wp\/v2\/comments?post=258"}],"version-history":[{"count":38,"href":"https:\/\/cearacruz.com.br\/portal\/wp-json\/wp\/v2\/pages\/258\/revisions"}],"predecessor-version":[{"id":7336,"href":"https:\/\/cearacruz.com.br\/portal\/wp-json\/wp\/v2\/pages\/258\/revisions\/7336"}],"wp:attachment":[{"href":"https:\/\/cearacruz.com.br\/portal\/wp-json\/wp\/v2\/media?parent=258"}],"curies":[{"name":"wp","href":"https:\/\/api.w.org\/{rel}","templated":true}]}}